{"id":16416,"date":"2025-11-25T17:14:03","date_gmt":"2025-11-25T16:14:03","guid":{"rendered":"https:\/\/www.hirtenberg-apotheke.at\/katalog\/produkt\/gynella-silver-caps-vaginalkapseln-10-stk\/"},"modified":"2025-11-25T17:14:11","modified_gmt":"2025-11-25T16:14:11","slug":"gynella-silver-caps-vaginalkapseln-10-stk","status":"publish","type":"product","link":"https:\/\/www.hirtenberg-apotheke.at\/katalog\/produkt\/gynella-silver-caps-vaginalkapseln-10-stk\/","title":{"rendered":"Gynella Silver Caps Vaginalkapseln 10 Stk."},"content":{"rendered":"<p>Gynella Silver Caps Vaginalkapseln sind die ideale L\u00f6sung f\u00fcr Beschwerden im Vaginalbereich wie z.B. aerobe Vaginitis, bakterielle Vaginose, Hefe-Infektion, arobe Vaginitis uvm. Sie enthalten TIAB, ein innovatives komplexes molekulares System mit einer Kombination aus Silberionen und Titandioxid, das mit Hilfe von Mikrotechnologien entwickelt wurde. Es wirkt antimikrobial, schafft eine Barriere durch die Isolierung des Angriffsortes durch mirkobielle Arten und f\u00f6rdert die nat\u00fcrliche Reparatur und Verj\u00fcngung des Gewebes.<\/p>\n","protected":false},"excerpt":{"rendered":"<p>Gynella Silver Caps Vaginalkapseln sind die ideale L\u00f6sung f\u00fcr Beschwerden im Vaginalbereich wie z.B. aerobe Vaginitis, bakterielle Vaginose, Hefe-Infektion, arobe Vaginitis uvm. Sie enthalten TIAB, ein innovatives komplexes molekulares System mit einer Kombination aus Silberionen und Titandioxid, das mit Hilfe von Mikrotechnologien entwickelt wurde. Es wirkt antimikrobial, schafft eine Barriere durch die Isolierung des Angriffsortes [&hellip;]<\/p>\n","protected":false},"featured_media":16418,"template":"","meta":{"_acf_changed":false},"product_brand":[],"product_cat":[328],"product_tag":[],"class_list":{"0":"post-16416","1":"product","2":"type-product","3":"status-publish","4":"has-post-thumbnail","6":"product_cat-g","7":"pa_packungsgroesse-10-stueck","9":"first","10":"instock","11":"shipping-taxable","12":"purchasable","13":"product-type-simple"},"acf":[],"_links":{"self":[{"href":"https:\/\/www.hirtenberg-apotheke.at\/katalog\/wp-json\/wp\/v2\/product\/16416","targetHints":{"allow":["GET"]}}],"collection":[{"href":"https:\/\/www.hirtenberg-apotheke.at\/katalog\/wp-json\/wp\/v2\/product"}],"about":[{"href":"https:\/\/www.hirtenberg-apotheke.at\/katalog\/wp-json\/wp\/v2\/types\/product"}],"wp:featuredmedia":[{"embeddable":true,"href":"https:\/\/www.hirtenberg-apotheke.at\/katalog\/wp-json\/wp\/v2\/media\/16418"}],"wp:attachment":[{"href":"https:\/\/www.hirtenberg-apotheke.at\/katalog\/wp-json\/wp\/v2\/media?parent=16416"}],"wp:term":[{"taxonomy":"product_brand","embeddable":true,"href":"https:\/\/www.hirtenberg-apotheke.at\/katalog\/wp-json\/wp\/v2\/product_brand?post=16416"},{"taxonomy":"product_cat","embeddable":true,"href":"https:\/\/www.hirtenberg-apotheke.at\/katalog\/wp-json\/wp\/v2\/product_cat?post=16416"},{"taxonomy":"product_tag","embeddable":true,"href":"https:\/\/www.hirtenberg-apotheke.at\/katalog\/wp-json\/wp\/v2\/product_tag?post=16416"}],"curies":[{"name":"wp","href":"https:\/\/api.w.org\/{rel}","templated":true}]}}