{"id":16426,"date":"2025-11-25T17:14:14","date_gmt":"2025-11-25T16:14:14","guid":{"rendered":"https:\/\/www.hirtenberg-apotheke.at\/katalog\/produkt\/wurzeltod-huehneraugen-pflaster-6-stk\/"},"modified":"2025-11-25T17:14:16","modified_gmt":"2025-11-25T16:14:16","slug":"wurzeltod-huehneraugen-pflaster-6-stk","status":"publish","type":"product","link":"https:\/\/www.hirtenberg-apotheke.at\/katalog\/produkt\/wurzeltod-huehneraugen-pflaster-6-stk\/","title":{"rendered":"Wurzeltod H\u00fchneraugen Pflaster 6 Stk."},"content":{"rendered":"<p>Wurzeltod H\u00fchneraugen Pflaster enthalten den Wirkstoff Salicyls\u00e4ure, der die H\u00fchneraugen aufl\u00f6st. Gleichzeitig sorgt die weiche, schaumige Konsistenz der Wirkstoffmasse f\u00fcr eine rasche Linderung des Druckschmerzes.<\/p>\n","protected":false},"excerpt":{"rendered":"<p>Wurzeltod H\u00fchneraugen Pflaster enthalten den Wirkstoff Salicyls\u00e4ure, der die H\u00fchneraugen aufl\u00f6st. Gleichzeitig sorgt die weiche, schaumige Konsistenz der Wirkstoffmasse f\u00fcr eine rasche Linderung des Druckschmerzes.<\/p>\n","protected":false},"featured_media":0,"template":"","meta":{"_acf_changed":false},"product_brand":[],"product_cat":[368],"product_tag":[],"class_list":{"0":"post-16426","1":"product","2":"type-product","3":"status-publish","5":"product_cat-w","6":"pa_packungsgroesse-6-stueck","8":"first","9":"instock","10":"shipping-taxable","11":"purchasable","12":"product-type-simple"},"acf":[],"_links":{"self":[{"href":"https:\/\/www.hirtenberg-apotheke.at\/katalog\/wp-json\/wp\/v2\/product\/16426","targetHints":{"allow":["GET"]}}],"collection":[{"href":"https:\/\/www.hirtenberg-apotheke.at\/katalog\/wp-json\/wp\/v2\/product"}],"about":[{"href":"https:\/\/www.hirtenberg-apotheke.at\/katalog\/wp-json\/wp\/v2\/types\/product"}],"wp:attachment":[{"href":"https:\/\/www.hirtenberg-apotheke.at\/katalog\/wp-json\/wp\/v2\/media?parent=16426"}],"wp:term":[{"taxonomy":"product_brand","embeddable":true,"href":"https:\/\/www.hirtenberg-apotheke.at\/katalog\/wp-json\/wp\/v2\/product_brand?post=16426"},{"taxonomy":"product_cat","embeddable":true,"href":"https:\/\/www.hirtenberg-apotheke.at\/katalog\/wp-json\/wp\/v2\/product_cat?post=16426"},{"taxonomy":"product_tag","embeddable":true,"href":"https:\/\/www.hirtenberg-apotheke.at\/katalog\/wp-json\/wp\/v2\/product_tag?post=16426"}],"curies":[{"name":"wp","href":"https:\/\/api.w.org\/{rel}","templated":true}]}}