{"id":16447,"date":"2025-11-25T17:14:26","date_gmt":"2025-11-25T16:14:26","guid":{"rendered":"https:\/\/www.hirtenberg-apotheke.at\/katalog\/produkt\/wartner-stift-gegen-warzen-15-ml\/"},"modified":"2025-11-25T17:14:30","modified_gmt":"2025-11-25T16:14:30","slug":"wartner-stift-gegen-warzen-15-ml","status":"publish","type":"product","link":"https:\/\/www.hirtenberg-apotheke.at\/katalog\/produkt\/wartner-stift-gegen-warzen-15-ml\/","title":{"rendered":"Wartner Stift gegen Warzen 1,5 ml"},"content":{"rendered":"<p>Wartner Stift gegen Warzen ist ein Medizinprodukt zur Behandlung von gew\u00f6hnlichen Warzen und Fu\u00df- bzw. Dornwarzen an H\u00e4nden und F\u00fc\u00dfen. Der Stift enth\u00e4lt ein hochkonzentriertes Gel zur Entfernung von Warzen. Obere Hautschichten werden gel\u00f6st, wodurch die Warze Schicht f\u00fcr Schicht abgetragen wird. Gleichzeitig wird die Erneuerung der Hautzellen gef\u00f6rdert und es bildet sich neue, gesunde Haut.<\/p>\n","protected":false},"excerpt":{"rendered":"<p>Wartner Stift gegen Warzen ist ein Medizinprodukt zur Behandlung von gew\u00f6hnlichen Warzen und Fu\u00df- bzw. Dornwarzen an H\u00e4nden und F\u00fc\u00dfen. Der Stift enth\u00e4lt ein hochkonzentriertes Gel zur Entfernung von Warzen. Obere Hautschichten werden gel\u00f6st, wodurch die Warze Schicht f\u00fcr Schicht abgetragen wird. Gleichzeitig wird die Erneuerung der Hautzellen gef\u00f6rdert und es bildet sich neue, gesunde [&hellip;]<\/p>\n","protected":false},"featured_media":0,"template":"","meta":{"_acf_changed":false},"product_brand":[],"product_cat":[368],"product_tag":[],"class_list":{"0":"post-16447","1":"product","2":"type-product","3":"status-publish","5":"product_cat-w","6":"pa_packungsgroesse-1-stueck","8":"first","9":"instock","10":"shipping-taxable","11":"purchasable","12":"product-type-simple"},"acf":[],"_links":{"self":[{"href":"https:\/\/www.hirtenberg-apotheke.at\/katalog\/wp-json\/wp\/v2\/product\/16447","targetHints":{"allow":["GET"]}}],"collection":[{"href":"https:\/\/www.hirtenberg-apotheke.at\/katalog\/wp-json\/wp\/v2\/product"}],"about":[{"href":"https:\/\/www.hirtenberg-apotheke.at\/katalog\/wp-json\/wp\/v2\/types\/product"}],"wp:attachment":[{"href":"https:\/\/www.hirtenberg-apotheke.at\/katalog\/wp-json\/wp\/v2\/media?parent=16447"}],"wp:term":[{"taxonomy":"product_brand","embeddable":true,"href":"https:\/\/www.hirtenberg-apotheke.at\/katalog\/wp-json\/wp\/v2\/product_brand?post=16447"},{"taxonomy":"product_cat","embeddable":true,"href":"https:\/\/www.hirtenberg-apotheke.at\/katalog\/wp-json\/wp\/v2\/product_cat?post=16447"},{"taxonomy":"product_tag","embeddable":true,"href":"https:\/\/www.hirtenberg-apotheke.at\/katalog\/wp-json\/wp\/v2\/product_tag?post=16447"}],"curies":[{"name":"wp","href":"https:\/\/api.w.org\/{rel}","templated":true}]}}