{"id":16501,"date":"2025-11-25T17:14:56","date_gmt":"2025-11-25T16:14:56","guid":{"rendered":"https:\/\/www.hirtenberg-apotheke.at\/katalog\/produkt\/vichy-deo-stress-resist-anti-transpirant-72h-roll-on\/"},"modified":"2025-11-25T17:15:04","modified_gmt":"2025-11-25T16:15:04","slug":"vichy-deo-stress-resist-anti-transpirant-72h-roll-on","status":"publish","type":"product","link":"https:\/\/www.hirtenberg-apotheke.at\/katalog\/produkt\/vichy-deo-stress-resist-anti-transpirant-72h-roll-on\/","title":{"rendered":"Vichy DEO Stress Resist Anti Transpirant 72h Roll On"},"content":{"rendered":"<p>VICHY DEO Stress Resit Anti-Transpirant 75h Roll-on garantiert Wirksamkeit gegen Schwitzen, auch unter Stressbedingungen. Das Deo ist reich an Anti-Transpirationswirkstoffen, ultraabsorbierenden Mineralstoffen und an Perspical. Diese Behandlung gegen das Schwitzen reguliert die W\u00e4rmeansammlung und die Transpirationsspitzen in Stresszeiten, damit Sie sich den ganzen Tag \u00fcber gesch\u00fctzt f\u00fchlen..<\/p>\n","protected":false},"excerpt":{"rendered":"<p>VICHY DEO Stress Resit Anti-Transpirant 75h Roll-on garantiert Wirksamkeit gegen Schwitzen, auch unter Stressbedingungen. Das Deo ist reich an Anti-Transpirationswirkstoffen, ultraabsorbierenden Mineralstoffen und an Perspical. Diese Behandlung gegen das Schwitzen reguliert die W\u00e4rmeansammlung und die Transpirationsspitzen in Stresszeiten, damit Sie sich den ganzen Tag \u00fcber gesch\u00fctzt f\u00fchlen..<\/p>\n","protected":false},"featured_media":16503,"template":"","meta":{"_acf_changed":false},"product_brand":[691],"product_cat":[300],"product_tag":[],"class_list":{"0":"post-16501","1":"product","2":"type-product","3":"status-publish","4":"has-post-thumbnail","6":"product_brand-vichy","7":"product_cat-v","8":"pa_packungsgroesse-50ml","10":"first","11":"instock","12":"shipping-taxable","13":"purchasable","14":"product-type-simple"},"acf":[],"_links":{"self":[{"href":"https:\/\/www.hirtenberg-apotheke.at\/katalog\/wp-json\/wp\/v2\/product\/16501","targetHints":{"allow":["GET"]}}],"collection":[{"href":"https:\/\/www.hirtenberg-apotheke.at\/katalog\/wp-json\/wp\/v2\/product"}],"about":[{"href":"https:\/\/www.hirtenberg-apotheke.at\/katalog\/wp-json\/wp\/v2\/types\/product"}],"wp:featuredmedia":[{"embeddable":true,"href":"https:\/\/www.hirtenberg-apotheke.at\/katalog\/wp-json\/wp\/v2\/media\/16503"}],"wp:attachment":[{"href":"https:\/\/www.hirtenberg-apotheke.at\/katalog\/wp-json\/wp\/v2\/media?parent=16501"}],"wp:term":[{"taxonomy":"product_brand","embeddable":true,"href":"https:\/\/www.hirtenberg-apotheke.at\/katalog\/wp-json\/wp\/v2\/product_brand?post=16501"},{"taxonomy":"product_cat","embeddable":true,"href":"https:\/\/www.hirtenberg-apotheke.at\/katalog\/wp-json\/wp\/v2\/product_cat?post=16501"},{"taxonomy":"product_tag","embeddable":true,"href":"https:\/\/www.hirtenberg-apotheke.at\/katalog\/wp-json\/wp\/v2\/product_tag?post=16501"}],"curies":[{"name":"wp","href":"https:\/\/api.w.org\/{rel}","templated":true}]}}