{"id":16522,"date":"2025-11-25T17:15:17","date_gmt":"2025-11-25T16:15:17","guid":{"rendered":"https:\/\/www.hirtenberg-apotheke.at\/katalog\/produkt\/vichy-deodorant-roll-on-anti-flecken-48h\/"},"modified":"2025-11-25T17:15:19","modified_gmt":"2025-11-25T16:15:19","slug":"vichy-deodorant-roll-on-anti-flecken-48h","status":"publish","type":"product","link":"https:\/\/www.hirtenberg-apotheke.at\/katalog\/produkt\/vichy-deodorant-roll-on-anti-flecken-48h\/","title":{"rendered":"Vichy DEODORANT Roll-On Anti-Flecken 48H"},"content":{"rendered":"<p>VICHY Deo Anti-Transpirant 48h Anti-Flecken bietet schutz gegen \u00fcberm\u00e4\u00dfige Schwei\u00dfbildung. Geeignet f\u00fcr empfindliche Haut. Wirkt bis zu 48h. Besonders zu empfehlen bei starker Hitze, bei sportlicher Bet\u00e4tigung etc. Anti-wei\u00dfe und gelbliche Flecken. Ohne R\u00fcckst\u00e4nde auf Textilien &#8211; Produkte von Vichy<\/p>\n","protected":false},"excerpt":{"rendered":"<p>VICHY Deo Anti-Transpirant 48h Anti-Flecken bietet schutz gegen \u00fcberm\u00e4\u00dfige Schwei\u00dfbildung. Geeignet f\u00fcr empfindliche Haut. Wirkt bis zu 48h. Besonders zu empfehlen bei starker Hitze, bei sportlicher Bet\u00e4tigung etc. Anti-wei\u00dfe und gelbliche Flecken. Ohne R\u00fcckst\u00e4nde auf Textilien &#8211; Produkte von Vichy<\/p>\n","protected":false},"featured_media":0,"template":"","meta":{"_acf_changed":false},"product_brand":[691],"product_cat":[300],"product_tag":[],"class_list":{"0":"post-16522","1":"product","2":"type-product","3":"status-publish","5":"product_brand-vichy","6":"product_cat-v","7":"pa_packungsgroesse-50ml","9":"first","10":"instock","11":"shipping-taxable","12":"purchasable","13":"product-type-simple"},"acf":[],"_links":{"self":[{"href":"https:\/\/www.hirtenberg-apotheke.at\/katalog\/wp-json\/wp\/v2\/product\/16522","targetHints":{"allow":["GET"]}}],"collection":[{"href":"https:\/\/www.hirtenberg-apotheke.at\/katalog\/wp-json\/wp\/v2\/product"}],"about":[{"href":"https:\/\/www.hirtenberg-apotheke.at\/katalog\/wp-json\/wp\/v2\/types\/product"}],"wp:attachment":[{"href":"https:\/\/www.hirtenberg-apotheke.at\/katalog\/wp-json\/wp\/v2\/media?parent=16522"}],"wp:term":[{"taxonomy":"product_brand","embeddable":true,"href":"https:\/\/www.hirtenberg-apotheke.at\/katalog\/wp-json\/wp\/v2\/product_brand?post=16522"},{"taxonomy":"product_cat","embeddable":true,"href":"https:\/\/www.hirtenberg-apotheke.at\/katalog\/wp-json\/wp\/v2\/product_cat?post=16522"},{"taxonomy":"product_tag","embeddable":true,"href":"https:\/\/www.hirtenberg-apotheke.at\/katalog\/wp-json\/wp\/v2\/product_tag?post=16522"}],"curies":[{"name":"wp","href":"https:\/\/api.w.org\/{rel}","templated":true}]}}