{"id":16527,"date":"2025-11-25T17:15:17","date_gmt":"2025-11-25T16:15:17","guid":{"rendered":"https:\/\/www.hirtenberg-apotheke.at\/katalog\/produkt\/vichy-deodorant-hautberuhigender-deo-stick-ohne-aluminiumsalze\/"},"modified":"2025-11-25T17:15:22","modified_gmt":"2025-11-25T16:15:22","slug":"vichy-deodorant-hautberuhigender-deo-stick-ohne-aluminiumsalze","status":"publish","type":"product","link":"https:\/\/www.hirtenberg-apotheke.at\/katalog\/produkt\/vichy-deodorant-hautberuhigender-deo-stick-ohne-aluminiumsalze\/","title":{"rendered":"Vichy DEODORANT hautberuhigender Deo Stick ohne Aluminiumsalze"},"content":{"rendered":"<p>Ein wirksames Deo ohne Aluminium wie der 24h Stick f\u00fcr Frauen von Vichy ist  f\u00fcr empfindliche Haut geeignet und pflegt die Achseln &#8211; wir f\u00fchren alle Produkte von VICHY zu Sonderpreisen!<\/p>\n","protected":false},"excerpt":{"rendered":"<p>Ein wirksames Deo ohne Aluminium wie der 24h Stick f\u00fcr Frauen von Vichy ist f\u00fcr empfindliche Haut geeignet und pflegt die Achseln &#8211; wir f\u00fchren alle Produkte von VICHY zu Sonderpreisen!<\/p>\n","protected":false},"featured_media":0,"template":"","meta":{"_acf_changed":false},"product_brand":[691],"product_cat":[300],"product_tag":[],"class_list":{"0":"post-16527","1":"product","2":"type-product","3":"status-publish","5":"product_brand-vichy","6":"product_cat-v","7":"pa_packungsgroesse-40ml","9":"first","10":"instock","11":"shipping-taxable","12":"purchasable","13":"product-type-simple"},"acf":[],"_links":{"self":[{"href":"https:\/\/www.hirtenberg-apotheke.at\/katalog\/wp-json\/wp\/v2\/product\/16527","targetHints":{"allow":["GET"]}}],"collection":[{"href":"https:\/\/www.hirtenberg-apotheke.at\/katalog\/wp-json\/wp\/v2\/product"}],"about":[{"href":"https:\/\/www.hirtenberg-apotheke.at\/katalog\/wp-json\/wp\/v2\/types\/product"}],"wp:attachment":[{"href":"https:\/\/www.hirtenberg-apotheke.at\/katalog\/wp-json\/wp\/v2\/media?parent=16527"}],"wp:term":[{"taxonomy":"product_brand","embeddable":true,"href":"https:\/\/www.hirtenberg-apotheke.at\/katalog\/wp-json\/wp\/v2\/product_brand?post=16527"},{"taxonomy":"product_cat","embeddable":true,"href":"https:\/\/www.hirtenberg-apotheke.at\/katalog\/wp-json\/wp\/v2\/product_cat?post=16527"},{"taxonomy":"product_tag","embeddable":true,"href":"https:\/\/www.hirtenberg-apotheke.at\/katalog\/wp-json\/wp\/v2\/product_tag?post=16527"}],"curies":[{"name":"wp","href":"https:\/\/api.w.org\/{rel}","templated":true}]}}