{"id":16575,"date":"2025-11-25T17:15:55","date_gmt":"2025-11-25T16:15:55","guid":{"rendered":"https:\/\/www.hirtenberg-apotheke.at\/katalog\/produkt\/eucerin-deo-roll-on-empfindliche-haut-24h-0-aluminium\/"},"modified":"2025-11-25T17:15:58","modified_gmt":"2025-11-25T16:15:58","slug":"eucerin-deo-roll-on-empfindliche-haut-24h-0-aluminium","status":"publish","type":"product","link":"https:\/\/www.hirtenberg-apotheke.at\/katalog\/produkt\/eucerin-deo-roll-on-empfindliche-haut-24h-0-aluminium\/","title":{"rendered":"Eucerin Deo Roll-On Empfindliche Haut 24h 0% Aluminium"},"content":{"rendered":"<p>Eucerin Deodorant Roll-on Empfindliche Haut 48 h 0% Aluminium enth\u00e4lt weder Aluminium (ACH) noch Alkohol oder Parabene. Es wird selbst von sehr empfindlicher Haut (auch bei Neurodermitis) vertragen. Es ist so mild, dass es auch nach der Rasur oder Epilation sofort aufgetragen werden kann. Das aluminiumfreie Deo brennt nicht, verursacht keine Hautirritationen und sch\u00fctzt nachweislich mindestens 48 Stunden vor K\u00f6rpergeruch. Gleichzeitig verst\u00e4rkt der dezent-frische und unisexe Duft das Frischegef\u00fchl.<\/p>\n","protected":false},"excerpt":{"rendered":"<p>Eucerin Deodorant Roll-on Empfindliche Haut 48 h 0% Aluminium enth\u00e4lt weder Aluminium (ACH) noch Alkohol oder Parabene. Es wird selbst von sehr empfindlicher Haut (auch bei Neurodermitis) vertragen. Es ist so mild, dass es auch nach der Rasur oder Epilation sofort aufgetragen werden kann. Das aluminiumfreie Deo brennt nicht, verursacht keine Hautirritationen und sch\u00fctzt nachweislich [&hellip;]<\/p>\n","protected":false},"featured_media":16577,"template":"","meta":{"_acf_changed":false},"product_brand":[694],"product_cat":[307],"product_tag":[],"class_list":{"0":"post-16575","1":"product","2":"type-product","3":"status-publish","4":"has-post-thumbnail","6":"product_brand-eucerin","7":"product_cat-e","8":"pa_packungsgroesse-50ml","10":"first","11":"instock","12":"shipping-taxable","13":"purchasable","14":"product-type-simple"},"acf":[],"_links":{"self":[{"href":"https:\/\/www.hirtenberg-apotheke.at\/katalog\/wp-json\/wp\/v2\/product\/16575","targetHints":{"allow":["GET"]}}],"collection":[{"href":"https:\/\/www.hirtenberg-apotheke.at\/katalog\/wp-json\/wp\/v2\/product"}],"about":[{"href":"https:\/\/www.hirtenberg-apotheke.at\/katalog\/wp-json\/wp\/v2\/types\/product"}],"wp:featuredmedia":[{"embeddable":true,"href":"https:\/\/www.hirtenberg-apotheke.at\/katalog\/wp-json\/wp\/v2\/media\/16577"}],"wp:attachment":[{"href":"https:\/\/www.hirtenberg-apotheke.at\/katalog\/wp-json\/wp\/v2\/media?parent=16575"}],"wp:term":[{"taxonomy":"product_brand","embeddable":true,"href":"https:\/\/www.hirtenberg-apotheke.at\/katalog\/wp-json\/wp\/v2\/product_brand?post=16575"},{"taxonomy":"product_cat","embeddable":true,"href":"https:\/\/www.hirtenberg-apotheke.at\/katalog\/wp-json\/wp\/v2\/product_cat?post=16575"},{"taxonomy":"product_tag","embeddable":true,"href":"https:\/\/www.hirtenberg-apotheke.at\/katalog\/wp-json\/wp\/v2\/product_tag?post=16575"}],"curies":[{"name":"wp","href":"https:\/\/api.w.org\/{rel}","templated":true}]}}