{"id":16583,"date":"2025-11-25T17:15:55","date_gmt":"2025-11-25T16:15:55","guid":{"rendered":"https:\/\/www.hirtenberg-apotheke.at\/katalog\/produkt\/eucerin-deo-roll-on-empfindliche-haut-24h\/"},"modified":"2025-11-25T17:16:02","modified_gmt":"2025-11-25T16:16:02","slug":"eucerin-deo-roll-on-empfindliche-haut-24h","status":"publish","type":"product","link":"https:\/\/www.hirtenberg-apotheke.at\/katalog\/produkt\/eucerin-deo-roll-on-empfindliche-haut-24h\/","title":{"rendered":"Eucerin Deo Roll-On Empfindliche Haut 24h"},"content":{"rendered":"<p>Eucerin 24 h Deodorant Empfindliche Haut Roll-on enth\u00e4lt keine potenziellen Reizstoffe wie Parf\u00fcm, Alkohol, Farb- oder Konservierungsstoffe. Da es den nat\u00fcrlichen pH-Wert wiederherstellt, ist es zudem auch hautfreundlich. Die Rezeptur wurde an Personen mit sehr empfindlicher Haut, Neurodermitis, Deo-Unvertr\u00e4glichkeit und Achselekzem getestet.<\/p>\n","protected":false},"excerpt":{"rendered":"<p>Eucerin 24 h Deodorant Empfindliche Haut Roll-on enth\u00e4lt keine potenziellen Reizstoffe wie Parf\u00fcm, Alkohol, Farb- oder Konservierungsstoffe. Da es den nat\u00fcrlichen pH-Wert wiederherstellt, ist es zudem auch hautfreundlich. Die Rezeptur wurde an Personen mit sehr empfindlicher Haut, Neurodermitis, Deo-Unvertr\u00e4glichkeit und Achselekzem getestet.<\/p>\n","protected":false},"featured_media":16585,"template":"","meta":{"_acf_changed":false},"product_brand":[694],"product_cat":[307],"product_tag":[],"class_list":{"0":"post-16583","1":"product","2":"type-product","3":"status-publish","4":"has-post-thumbnail","6":"product_brand-eucerin","7":"product_cat-e","8":"pa_packungsgroesse-50ml","10":"first","11":"instock","12":"shipping-taxable","13":"purchasable","14":"product-type-simple"},"acf":[],"_links":{"self":[{"href":"https:\/\/www.hirtenberg-apotheke.at\/katalog\/wp-json\/wp\/v2\/product\/16583","targetHints":{"allow":["GET"]}}],"collection":[{"href":"https:\/\/www.hirtenberg-apotheke.at\/katalog\/wp-json\/wp\/v2\/product"}],"about":[{"href":"https:\/\/www.hirtenberg-apotheke.at\/katalog\/wp-json\/wp\/v2\/types\/product"}],"wp:featuredmedia":[{"embeddable":true,"href":"https:\/\/www.hirtenberg-apotheke.at\/katalog\/wp-json\/wp\/v2\/media\/16585"}],"wp:attachment":[{"href":"https:\/\/www.hirtenberg-apotheke.at\/katalog\/wp-json\/wp\/v2\/media?parent=16583"}],"wp:term":[{"taxonomy":"product_brand","embeddable":true,"href":"https:\/\/www.hirtenberg-apotheke.at\/katalog\/wp-json\/wp\/v2\/product_brand?post=16583"},{"taxonomy":"product_cat","embeddable":true,"href":"https:\/\/www.hirtenberg-apotheke.at\/katalog\/wp-json\/wp\/v2\/product_cat?post=16583"},{"taxonomy":"product_tag","embeddable":true,"href":"https:\/\/www.hirtenberg-apotheke.at\/katalog\/wp-json\/wp\/v2\/product_tag?post=16583"}],"curies":[{"name":"wp","href":"https:\/\/api.w.org\/{rel}","templated":true}]}}