{"id":16599,"date":"2025-11-25T17:16:04","date_gmt":"2025-11-25T16:16:04","guid":{"rendered":"https:\/\/www.hirtenberg-apotheke.at\/katalog\/produkt\/eucerin-antitranspirant-48h-roll-on\/"},"modified":"2025-11-25T17:16:09","modified_gmt":"2025-11-25T16:16:09","slug":"eucerin-antitranspirant-48h-roll-on","status":"publish","type":"product","link":"https:\/\/www.hirtenberg-apotheke.at\/katalog\/produkt\/eucerin-antitranspirant-48h-roll-on\/","title":{"rendered":"Eucerin ANTITRANSPIRANT 48H Roll-On"},"content":{"rendered":"<p>Eucerin Anti-Transpirant 48 h Roll-on wurde speziell f\u00fcr starkes Schwitzen entwickelt. Das Deo enth\u00e4lt eine hohe Konzentration an Aluminiumchlorhydrat (ACH), um die Schwei\u00df- und Geruchsbildung zu reduzieren. Das Deo mit dem frischen Unisex-Duft ist f\u00fcr empfindliche und rasierte Haut geeignet.<\/p>\n","protected":false},"excerpt":{"rendered":"<p>Eucerin Anti-Transpirant 48 h Roll-on wurde speziell f\u00fcr starkes Schwitzen entwickelt. Das Deo enth\u00e4lt eine hohe Konzentration an Aluminiumchlorhydrat (ACH), um die Schwei\u00df- und Geruchsbildung zu reduzieren. Das Deo mit dem frischen Unisex-Duft ist f\u00fcr empfindliche und rasierte Haut geeignet.<\/p>\n","protected":false},"featured_media":0,"template":"","meta":{"_acf_changed":false},"product_brand":[694],"product_cat":[307],"product_tag":[],"class_list":{"0":"post-16599","1":"product","2":"type-product","3":"status-publish","5":"product_brand-eucerin","6":"product_cat-e","7":"pa_packungsgroesse-50ml","9":"first","10":"instock","11":"shipping-taxable","12":"purchasable","13":"product-type-simple"},"acf":[],"_links":{"self":[{"href":"https:\/\/www.hirtenberg-apotheke.at\/katalog\/wp-json\/wp\/v2\/product\/16599","targetHints":{"allow":["GET"]}}],"collection":[{"href":"https:\/\/www.hirtenberg-apotheke.at\/katalog\/wp-json\/wp\/v2\/product"}],"about":[{"href":"https:\/\/www.hirtenberg-apotheke.at\/katalog\/wp-json\/wp\/v2\/types\/product"}],"wp:attachment":[{"href":"https:\/\/www.hirtenberg-apotheke.at\/katalog\/wp-json\/wp\/v2\/media?parent=16599"}],"wp:term":[{"taxonomy":"product_brand","embeddable":true,"href":"https:\/\/www.hirtenberg-apotheke.at\/katalog\/wp-json\/wp\/v2\/product_brand?post=16599"},{"taxonomy":"product_cat","embeddable":true,"href":"https:\/\/www.hirtenberg-apotheke.at\/katalog\/wp-json\/wp\/v2\/product_cat?post=16599"},{"taxonomy":"product_tag","embeddable":true,"href":"https:\/\/www.hirtenberg-apotheke.at\/katalog\/wp-json\/wp\/v2\/product_tag?post=16599"}],"curies":[{"name":"wp","href":"https:\/\/api.w.org\/{rel}","templated":true}]}}