{"id":16603,"date":"2025-11-25T17:16:09","date_gmt":"2025-11-25T16:16:09","guid":{"rendered":"https:\/\/www.hirtenberg-apotheke.at\/katalog\/produkt\/eucerin-antitranspirant-intensiv-72h-spray\/"},"modified":"2025-11-25T17:16:12","modified_gmt":"2025-11-25T16:16:12","slug":"eucerin-antitranspirant-intensiv-72h-spray","status":"publish","type":"product","link":"https:\/\/www.hirtenberg-apotheke.at\/katalog\/produkt\/eucerin-antitranspirant-intensiv-72h-spray\/","title":{"rendered":"Eucerin ANTITRANSPIRANT Intensiv 72H Spray"},"content":{"rendered":"<p>Eucerin Anti-Transpirant Intensiv 72h reduziert wirksam f\u00fcr 72 Stunden bis zu 91% exzessive Schwei\u00dfbildung und K\u00f6rpergeruch. F\u00fcr ein sichers und trockenes Hautgef\u00fchl, auch bei Hyperhidrose.<\/p>\n","protected":false},"excerpt":{"rendered":"<p>Eucerin Anti-Transpirant Intensiv 72h reduziert wirksam f\u00fcr 72 Stunden bis zu 91% exzessive Schwei\u00dfbildung und K\u00f6rpergeruch. F\u00fcr ein sichers und trockenes Hautgef\u00fchl, auch bei Hyperhidrose.<\/p>\n","protected":false},"featured_media":16605,"template":"","meta":{"_acf_changed":false},"product_brand":[694],"product_cat":[307],"product_tag":[],"class_list":{"0":"post-16603","1":"product","2":"type-product","3":"status-publish","4":"has-post-thumbnail","6":"product_brand-eucerin","7":"product_cat-e","8":"pa_packungsgroesse-30ml","10":"first","11":"instock","12":"shipping-taxable","13":"purchasable","14":"product-type-simple"},"acf":[],"_links":{"self":[{"href":"https:\/\/www.hirtenberg-apotheke.at\/katalog\/wp-json\/wp\/v2\/product\/16603","targetHints":{"allow":["GET"]}}],"collection":[{"href":"https:\/\/www.hirtenberg-apotheke.at\/katalog\/wp-json\/wp\/v2\/product"}],"about":[{"href":"https:\/\/www.hirtenberg-apotheke.at\/katalog\/wp-json\/wp\/v2\/types\/product"}],"wp:featuredmedia":[{"embeddable":true,"href":"https:\/\/www.hirtenberg-apotheke.at\/katalog\/wp-json\/wp\/v2\/media\/16605"}],"wp:attachment":[{"href":"https:\/\/www.hirtenberg-apotheke.at\/katalog\/wp-json\/wp\/v2\/media?parent=16603"}],"wp:term":[{"taxonomy":"product_brand","embeddable":true,"href":"https:\/\/www.hirtenberg-apotheke.at\/katalog\/wp-json\/wp\/v2\/product_brand?post=16603"},{"taxonomy":"product_cat","embeddable":true,"href":"https:\/\/www.hirtenberg-apotheke.at\/katalog\/wp-json\/wp\/v2\/product_cat?post=16603"},{"taxonomy":"product_tag","embeddable":true,"href":"https:\/\/www.hirtenberg-apotheke.at\/katalog\/wp-json\/wp\/v2\/product_tag?post=16603"}],"curies":[{"name":"wp","href":"https:\/\/api.w.org\/{rel}","templated":true}]}}