{"id":16643,"date":"2025-11-25T17:16:27","date_gmt":"2025-11-25T16:16:27","guid":{"rendered":"https:\/\/www.hirtenberg-apotheke.at\/katalog\/produkt\/syneo-5-unisex-deo-roll-on-50-ml\/"},"modified":"2025-11-25T17:16:35","modified_gmt":"2025-11-25T16:16:35","slug":"syneo-5-unisex-deo-roll-on-50-ml","status":"publish","type":"product","link":"https:\/\/www.hirtenberg-apotheke.at\/katalog\/produkt\/syneo-5-unisex-deo-roll-on-50-ml\/","title":{"rendered":"Syneo 5 Unisex Deo Roll-on 50 ml"},"content":{"rendered":"<p>Syneo 5 Unisex Deo Roll-on sorgt f\u00fcr einen Schutz vor \u00fcberm\u00e4\u00dfiger Transpiration. Das Deodorant kann einen zuverl\u00e4ssigen Schutz bist zu f\u00fcnf Tagen bieten und auch einen unangenehmen K\u00f6rpergeruch so lange verhindern. Er eignet sich zur Verwendung in den Achselh\u00f6hlen und auch an den zu schwitzen neigenden F\u00fc\u00dfen. Das enthaltene Allantoin pflegt die Haut.<\/p>\n","protected":false},"excerpt":{"rendered":"<p>Syneo 5 Unisex Deo Roll-on sorgt f\u00fcr einen Schutz vor \u00fcberm\u00e4\u00dfiger Transpiration. Das Deodorant kann einen zuverl\u00e4ssigen Schutz bist zu f\u00fcnf Tagen bieten und auch einen unangenehmen K\u00f6rpergeruch so lange verhindern. Er eignet sich zur Verwendung in den Achselh\u00f6hlen und auch an den zu schwitzen neigenden F\u00fc\u00dfen. Das enthaltene Allantoin pflegt die Haut.<\/p>\n","protected":false},"featured_media":16645,"template":"","meta":{"_acf_changed":false},"product_brand":[],"product_cat":[303],"product_tag":[],"class_list":{"0":"post-16643","1":"product","2":"type-product","3":"status-publish","4":"has-post-thumbnail","6":"product_cat-s","7":"pa_packungsgroesse-50ml","9":"first","10":"instock","11":"shipping-taxable","12":"purchasable","13":"product-type-simple"},"acf":[],"_links":{"self":[{"href":"https:\/\/www.hirtenberg-apotheke.at\/katalog\/wp-json\/wp\/v2\/product\/16643","targetHints":{"allow":["GET"]}}],"collection":[{"href":"https:\/\/www.hirtenberg-apotheke.at\/katalog\/wp-json\/wp\/v2\/product"}],"about":[{"href":"https:\/\/www.hirtenberg-apotheke.at\/katalog\/wp-json\/wp\/v2\/types\/product"}],"wp:featuredmedia":[{"embeddable":true,"href":"https:\/\/www.hirtenberg-apotheke.at\/katalog\/wp-json\/wp\/v2\/media\/16645"}],"wp:attachment":[{"href":"https:\/\/www.hirtenberg-apotheke.at\/katalog\/wp-json\/wp\/v2\/media?parent=16643"}],"wp:term":[{"taxonomy":"product_brand","embeddable":true,"href":"https:\/\/www.hirtenberg-apotheke.at\/katalog\/wp-json\/wp\/v2\/product_brand?post=16643"},{"taxonomy":"product_cat","embeddable":true,"href":"https:\/\/www.hirtenberg-apotheke.at\/katalog\/wp-json\/wp\/v2\/product_cat?post=16643"},{"taxonomy":"product_tag","embeddable":true,"href":"https:\/\/www.hirtenberg-apotheke.at\/katalog\/wp-json\/wp\/v2\/product_tag?post=16643"}],"curies":[{"name":"wp","href":"https:\/\/api.w.org\/{rel}","templated":true}]}}