{"id":16670,"date":"2025-11-25T17:16:45","date_gmt":"2025-11-25T16:16:45","guid":{"rendered":"https:\/\/www.hirtenberg-apotheke.at\/katalog\/produkt\/medipharma-cosmetics-olivenoel-deospray-mediterrane-frische-50-ml\/"},"modified":"2025-11-25T17:16:47","modified_gmt":"2025-11-25T16:16:47","slug":"medipharma-cosmetics-olivenoel-deospray-mediterrane-frische-50-ml","status":"publish","type":"product","link":"https:\/\/www.hirtenberg-apotheke.at\/katalog\/produkt\/medipharma-cosmetics-olivenoel-deospray-mediterrane-frische-50-ml\/","title":{"rendered":"Medipharma Cosmetics Oliven\u00f6l Deospray Mediterrane Frische 50 ml"},"content":{"rendered":"<p>Medipharma Cosmetics Oliven\u00f6l Deodorant pflegt und erfrischt die Haut. Das Deodorant bietet zuverl\u00e4ssigen Schutz vor K\u00f6rpergeruch und wirkt 48 Stunden. Das \u00e4u\u00dferst milde Produkte ist sehr gut vertr\u00e4glich, das es ohne Aluminiumsalze und ohne Parabene hergestellt wurde.<\/p>\n","protected":false},"excerpt":{"rendered":"<p>Medipharma Cosmetics Oliven\u00f6l Deodorant pflegt und erfrischt die Haut. Das Deodorant bietet zuverl\u00e4ssigen Schutz vor K\u00f6rpergeruch und wirkt 48 Stunden. Das \u00e4u\u00dferst milde Produkte ist sehr gut vertr\u00e4glich, das es ohne Aluminiumsalze und ohne Parabene hergestellt wurde.<\/p>\n","protected":false},"featured_media":0,"template":"","meta":{"_acf_changed":false},"product_brand":[],"product_cat":[308],"product_tag":[],"class_list":{"0":"post-16670","1":"product","2":"type-product","3":"status-publish","5":"product_cat-m","6":"pa_packungsgroesse-50ml","8":"first","9":"instock","10":"shipping-taxable","11":"purchasable","12":"product-type-simple"},"acf":[],"_links":{"self":[{"href":"https:\/\/www.hirtenberg-apotheke.at\/katalog\/wp-json\/wp\/v2\/product\/16670","targetHints":{"allow":["GET"]}}],"collection":[{"href":"https:\/\/www.hirtenberg-apotheke.at\/katalog\/wp-json\/wp\/v2\/product"}],"about":[{"href":"https:\/\/www.hirtenberg-apotheke.at\/katalog\/wp-json\/wp\/v2\/types\/product"}],"wp:attachment":[{"href":"https:\/\/www.hirtenberg-apotheke.at\/katalog\/wp-json\/wp\/v2\/media?parent=16670"}],"wp:term":[{"taxonomy":"product_brand","embeddable":true,"href":"https:\/\/www.hirtenberg-apotheke.at\/katalog\/wp-json\/wp\/v2\/product_brand?post=16670"},{"taxonomy":"product_cat","embeddable":true,"href":"https:\/\/www.hirtenberg-apotheke.at\/katalog\/wp-json\/wp\/v2\/product_cat?post=16670"},{"taxonomy":"product_tag","embeddable":true,"href":"https:\/\/www.hirtenberg-apotheke.at\/katalog\/wp-json\/wp\/v2\/product_tag?post=16670"}],"curies":[{"name":"wp","href":"https:\/\/api.w.org\/{rel}","templated":true}]}}