{"id":16717,"date":"2025-11-25T17:17:08","date_gmt":"2025-11-25T16:17:08","guid":{"rendered":"https:\/\/www.hirtenberg-apotheke.at\/katalog\/produkt\/syneo-5-man-deo-roll-on-50-ml\/"},"modified":"2025-11-25T17:17:14","modified_gmt":"2025-11-25T16:17:14","slug":"syneo-5-man-deo-roll-on-50-ml","status":"publish","type":"product","link":"https:\/\/www.hirtenberg-apotheke.at\/katalog\/produkt\/syneo-5-man-deo-roll-on-50-ml\/","title":{"rendered":"Syneo 5 Man Deo Roll-on 50 ml"},"content":{"rendered":"<p>Syneo 5 Man Deo Roll-on wird zur Reduzierung des Schwei\u00dfgeruchs bei M\u00e4nnern angewendet. Das enthaltene Aluminiumchlorid bildet mit Proteinen auf der Haut eine Verbindung, welche die Schwei\u00dfdr\u00fcsen verschlie\u00dft. Durch Anwendung dieses Produktes wird au\u00dferdem die Vermehrung von Hautbakterien gehemmt.<\/p>\n","protected":false},"excerpt":{"rendered":"<p>Syneo 5 Man Deo Roll-on wird zur Reduzierung des Schwei\u00dfgeruchs bei M\u00e4nnern angewendet. Das enthaltene Aluminiumchlorid bildet mit Proteinen auf der Haut eine Verbindung, welche die Schwei\u00dfdr\u00fcsen verschlie\u00dft. Durch Anwendung dieses Produktes wird au\u00dferdem die Vermehrung von Hautbakterien gehemmt.<\/p>\n","protected":false},"featured_media":0,"template":"","meta":{"_acf_changed":false},"product_brand":[],"product_cat":[303],"product_tag":[],"class_list":{"0":"post-16717","1":"product","2":"type-product","3":"status-publish","5":"product_cat-s","6":"pa_packungsgroesse-50ml","8":"first","9":"instock","10":"shipping-taxable","11":"purchasable","12":"product-type-simple"},"acf":[],"_links":{"self":[{"href":"https:\/\/www.hirtenberg-apotheke.at\/katalog\/wp-json\/wp\/v2\/product\/16717","targetHints":{"allow":["GET"]}}],"collection":[{"href":"https:\/\/www.hirtenberg-apotheke.at\/katalog\/wp-json\/wp\/v2\/product"}],"about":[{"href":"https:\/\/www.hirtenberg-apotheke.at\/katalog\/wp-json\/wp\/v2\/types\/product"}],"wp:attachment":[{"href":"https:\/\/www.hirtenberg-apotheke.at\/katalog\/wp-json\/wp\/v2\/media?parent=16717"}],"wp:term":[{"taxonomy":"product_brand","embeddable":true,"href":"https:\/\/www.hirtenberg-apotheke.at\/katalog\/wp-json\/wp\/v2\/product_brand?post=16717"},{"taxonomy":"product_cat","embeddable":true,"href":"https:\/\/www.hirtenberg-apotheke.at\/katalog\/wp-json\/wp\/v2\/product_cat?post=16717"},{"taxonomy":"product_tag","embeddable":true,"href":"https:\/\/www.hirtenberg-apotheke.at\/katalog\/wp-json\/wp\/v2\/product_tag?post=16717"}],"curies":[{"name":"wp","href":"https:\/\/api.w.org\/{rel}","templated":true}]}}