{"id":16752,"date":"2025-11-25T17:17:28","date_gmt":"2025-11-25T16:17:28","guid":{"rendered":"https:\/\/www.hirtenberg-apotheke.at\/katalog\/produkt\/dry-24-balance-50-ml\/"},"modified":"2025-11-25T17:17:32","modified_gmt":"2025-11-25T16:17:32","slug":"dry-24-balance-50-ml","status":"publish","type":"product","link":"https:\/\/www.hirtenberg-apotheke.at\/katalog\/produkt\/dry-24-balance-50-ml\/","title":{"rendered":"Dry 24 Balance 50 ml"},"content":{"rendered":"<p>Dry 24 Balance ist ein besonders hautfreundliche Deo f\u00fcr den t\u00e4glichen Bedarf. Das Deo kann f\u00fcr viele K\u00f6rperbereiche wie Achseln, F\u00fc\u00dfe und auch f\u00fcr die H\u00e4nde eingesetzt werden und l\u00e4sst sich optimal zur Bek\u00e4mpfung von Fu\u00dfpilz einsetzen. Ohne Aluminium.<\/p>\n","protected":false},"excerpt":{"rendered":"<p>Dry 24 Balance ist ein besonders hautfreundliche Deo f\u00fcr den t\u00e4glichen Bedarf. Das Deo kann f\u00fcr viele K\u00f6rperbereiche wie Achseln, F\u00fc\u00dfe und auch f\u00fcr die H\u00e4nde eingesetzt werden und l\u00e4sst sich optimal zur Bek\u00e4mpfung von Fu\u00dfpilz einsetzen. Ohne Aluminium.<\/p>\n","protected":false},"featured_media":16754,"template":"","meta":{"_acf_changed":false},"product_brand":[],"product_cat":[295],"product_tag":[],"class_list":{"0":"post-16752","1":"product","2":"type-product","3":"status-publish","4":"has-post-thumbnail","6":"product_cat-d","7":"pa_packungsgroesse-50ml","9":"first","10":"instock","11":"shipping-taxable","12":"purchasable","13":"product-type-simple"},"acf":[],"_links":{"self":[{"href":"https:\/\/www.hirtenberg-apotheke.at\/katalog\/wp-json\/wp\/v2\/product\/16752","targetHints":{"allow":["GET"]}}],"collection":[{"href":"https:\/\/www.hirtenberg-apotheke.at\/katalog\/wp-json\/wp\/v2\/product"}],"about":[{"href":"https:\/\/www.hirtenberg-apotheke.at\/katalog\/wp-json\/wp\/v2\/types\/product"}],"wp:featuredmedia":[{"embeddable":true,"href":"https:\/\/www.hirtenberg-apotheke.at\/katalog\/wp-json\/wp\/v2\/media\/16754"}],"wp:attachment":[{"href":"https:\/\/www.hirtenberg-apotheke.at\/katalog\/wp-json\/wp\/v2\/media?parent=16752"}],"wp:term":[{"taxonomy":"product_brand","embeddable":true,"href":"https:\/\/www.hirtenberg-apotheke.at\/katalog\/wp-json\/wp\/v2\/product_brand?post=16752"},{"taxonomy":"product_cat","embeddable":true,"href":"https:\/\/www.hirtenberg-apotheke.at\/katalog\/wp-json\/wp\/v2\/product_cat?post=16752"},{"taxonomy":"product_tag","embeddable":true,"href":"https:\/\/www.hirtenberg-apotheke.at\/katalog\/wp-json\/wp\/v2\/product_tag?post=16752"}],"curies":[{"name":"wp","href":"https:\/\/api.w.org\/{rel}","templated":true}]}}