{"id":16758,"date":"2025-11-25T17:17:28","date_gmt":"2025-11-25T16:17:28","guid":{"rendered":"https:\/\/www.hirtenberg-apotheke.at\/katalog\/produkt\/frei-oel-deospray-100-ml\/"},"modified":"2025-11-25T17:17:35","modified_gmt":"2025-11-25T16:17:35","slug":"frei-oel-deospray-100-ml","status":"publish","type":"product","link":"https:\/\/www.hirtenberg-apotheke.at\/katalog\/produkt\/frei-oel-deospray-100-ml\/","title":{"rendered":"Frei \u00d6l DeoSpray 100 ml"},"content":{"rendered":"<p>Frei \u00d6l DeoSpray &#8211; der zuverl\u00e4ssige Deo-Schutz. Das erfrischende DeoSpray verringert effektiv die Schwei\u00dfbildung und sch\u00fctzt wirksam vor K\u00f6rpergeruch. Es verleiht langanhaltend ein sicheres und angenehmes Hautgef\u00fchl.!<\/p>\n","protected":false},"excerpt":{"rendered":"<p>Frei \u00d6l DeoSpray &#8211; der zuverl\u00e4ssige Deo-Schutz. Das erfrischende DeoSpray verringert effektiv die Schwei\u00dfbildung und sch\u00fctzt wirksam vor K\u00f6rpergeruch. Es verleiht langanhaltend ein sicheres und angenehmes Hautgef\u00fchl.!<\/p>\n","protected":false},"featured_media":0,"template":"","meta":{"_acf_changed":false},"product_brand":[697],"product_cat":[322],"product_tag":[],"class_list":{"0":"post-16758","1":"product","2":"type-product","3":"status-publish","5":"product_brand-frei-oel","6":"product_cat-f","7":"pa_packungsgroesse-100ml","9":"first","10":"instock","11":"shipping-taxable","12":"purchasable","13":"product-type-simple"},"acf":[],"_links":{"self":[{"href":"https:\/\/www.hirtenberg-apotheke.at\/katalog\/wp-json\/wp\/v2\/product\/16758","targetHints":{"allow":["GET"]}}],"collection":[{"href":"https:\/\/www.hirtenberg-apotheke.at\/katalog\/wp-json\/wp\/v2\/product"}],"about":[{"href":"https:\/\/www.hirtenberg-apotheke.at\/katalog\/wp-json\/wp\/v2\/types\/product"}],"wp:attachment":[{"href":"https:\/\/www.hirtenberg-apotheke.at\/katalog\/wp-json\/wp\/v2\/media?parent=16758"}],"wp:term":[{"taxonomy":"product_brand","embeddable":true,"href":"https:\/\/www.hirtenberg-apotheke.at\/katalog\/wp-json\/wp\/v2\/product_brand?post=16758"},{"taxonomy":"product_cat","embeddable":true,"href":"https:\/\/www.hirtenberg-apotheke.at\/katalog\/wp-json\/wp\/v2\/product_cat?post=16758"},{"taxonomy":"product_tag","embeddable":true,"href":"https:\/\/www.hirtenberg-apotheke.at\/katalog\/wp-json\/wp\/v2\/product_tag?post=16758"}],"curies":[{"name":"wp","href":"https:\/\/api.w.org\/{rel}","templated":true}]}}