{"id":16787,"date":"2025-11-25T17:17:40","date_gmt":"2025-11-25T16:17:40","guid":{"rendered":"https:\/\/www.hirtenberg-apotheke.at\/katalog\/produkt\/bepanthol-lippencreme\/"},"modified":"2025-11-25T17:17:54","modified_gmt":"2025-11-25T16:17:54","slug":"bepanthol-lippencreme","status":"publish","type":"product","link":"https:\/\/www.hirtenberg-apotheke.at\/katalog\/produkt\/bepanthol-lippencreme\/","title":{"rendered":"Bepanthol Lippencreme"},"content":{"rendered":"<p>Die BEPANTHOL\u00ae Lippencreme von BAYER sorgt f\u00fcr sofortige Hilfe bei spr\u00f6den, aufgesprungenen Lippen, f\u00fcr schnelle Regeneration der angegriffenen Lippenhaut, f\u00fcr wirksame St\u00e4rkung der nat\u00fcrlichen Oberfl\u00e4chenschicht und ist f\u00fcr empfindliche Haut sehr gut geeignet.<\/p>\n","protected":false},"excerpt":{"rendered":"<p>Die BEPANTHOL\u00ae Lippencreme von BAYER sorgt f\u00fcr sofortige Hilfe bei spr\u00f6den, aufgesprungenen Lippen, f\u00fcr schnelle Regeneration der angegriffenen Lippenhaut, f\u00fcr wirksame St\u00e4rkung der nat\u00fcrlichen Oberfl\u00e4chenschicht und ist f\u00fcr empfindliche Haut sehr gut geeignet.<\/p>\n","protected":false},"featured_media":16789,"template":"","meta":{"_acf_changed":false},"product_brand":[],"product_cat":[292],"product_tag":[],"class_list":{"0":"post-16787","1":"product","2":"type-product","3":"status-publish","4":"has-post-thumbnail","6":"product_cat-b","7":"pa_packungsgroesse-1-stueck","9":"first","10":"instock","11":"shipping-taxable","12":"purchasable","13":"product-type-simple"},"acf":[],"_links":{"self":[{"href":"https:\/\/www.hirtenberg-apotheke.at\/katalog\/wp-json\/wp\/v2\/product\/16787","targetHints":{"allow":["GET"]}}],"collection":[{"href":"https:\/\/www.hirtenberg-apotheke.at\/katalog\/wp-json\/wp\/v2\/product"}],"about":[{"href":"https:\/\/www.hirtenberg-apotheke.at\/katalog\/wp-json\/wp\/v2\/types\/product"}],"wp:featuredmedia":[{"embeddable":true,"href":"https:\/\/www.hirtenberg-apotheke.at\/katalog\/wp-json\/wp\/v2\/media\/16789"}],"wp:attachment":[{"href":"https:\/\/www.hirtenberg-apotheke.at\/katalog\/wp-json\/wp\/v2\/media?parent=16787"}],"wp:term":[{"taxonomy":"product_brand","embeddable":true,"href":"https:\/\/www.hirtenberg-apotheke.at\/katalog\/wp-json\/wp\/v2\/product_brand?post=16787"},{"taxonomy":"product_cat","embeddable":true,"href":"https:\/\/www.hirtenberg-apotheke.at\/katalog\/wp-json\/wp\/v2\/product_cat?post=16787"},{"taxonomy":"product_tag","embeddable":true,"href":"https:\/\/www.hirtenberg-apotheke.at\/katalog\/wp-json\/wp\/v2\/product_tag?post=16787"}],"curies":[{"name":"wp","href":"https:\/\/api.w.org\/{rel}","templated":true}]}}