{"id":16797,"date":"2025-11-25T17:17:53","date_gmt":"2025-11-25T16:17:53","guid":{"rendered":"https:\/\/www.hirtenberg-apotheke.at\/katalog\/produkt\/eucerin-ph5-lip-aktiv-lippenstift-bei-empfindlicher-haut-48g\/"},"modified":"2025-11-25T17:17:59","modified_gmt":"2025-11-25T16:17:59","slug":"eucerin-ph5-lip-aktiv-lippenstift-bei-empfindlicher-haut-48g","status":"publish","type":"product","link":"https:\/\/www.hirtenberg-apotheke.at\/katalog\/produkt\/eucerin-ph5-lip-aktiv-lippenstift-bei-empfindlicher-haut-48g\/","title":{"rendered":"Eucerin PH5 LIP AKTIV Lippenstift bei empfindlicher Haut &#8211; 4,8g"},"content":{"rendered":"<p>Eucerin Lip Active wurde speziell f\u00fcr empfindliche Lippen entwickelt. Dexpanthenol und Vitamin E versorgen die Haut mit Feuchtigkeit, gl\u00e4tten sie und sch\u00fctzen vor den allt\u00e4glichen externen Faktoren wie UV-Strahlung und geringe Feuchtigkeitszufuhr. Zur schnellen Linderung und st\u00e4ndigem Schutz der d\u00fcnnen Lippenhaut regelm\u00e4\u00dfig auftragen. Mit LSF 15.<\/p>\n","protected":false},"excerpt":{"rendered":"<p>Eucerin Lip Active wurde speziell f\u00fcr empfindliche Lippen entwickelt. Dexpanthenol und Vitamin E versorgen die Haut mit Feuchtigkeit, gl\u00e4tten sie und sch\u00fctzen vor den allt\u00e4glichen externen Faktoren wie UV-Strahlung und geringe Feuchtigkeitszufuhr. Zur schnellen Linderung und st\u00e4ndigem Schutz der d\u00fcnnen Lippenhaut regelm\u00e4\u00dfig auftragen. Mit LSF 15.<\/p>\n","protected":false},"featured_media":0,"template":"","meta":{"_acf_changed":false},"product_brand":[694],"product_cat":[307],"product_tag":[],"class_list":{"0":"post-16797","1":"product","2":"type-product","3":"status-publish","5":"product_brand-eucerin","6":"product_cat-e","7":"pa_packungsgroesse-4g","9":"first","10":"instock","11":"shipping-taxable","12":"purchasable","13":"product-type-simple"},"acf":[],"_links":{"self":[{"href":"https:\/\/www.hirtenberg-apotheke.at\/katalog\/wp-json\/wp\/v2\/product\/16797","targetHints":{"allow":["GET"]}}],"collection":[{"href":"https:\/\/www.hirtenberg-apotheke.at\/katalog\/wp-json\/wp\/v2\/product"}],"about":[{"href":"https:\/\/www.hirtenberg-apotheke.at\/katalog\/wp-json\/wp\/v2\/types\/product"}],"wp:attachment":[{"href":"https:\/\/www.hirtenberg-apotheke.at\/katalog\/wp-json\/wp\/v2\/media?parent=16797"}],"wp:term":[{"taxonomy":"product_brand","embeddable":true,"href":"https:\/\/www.hirtenberg-apotheke.at\/katalog\/wp-json\/wp\/v2\/product_brand?post=16797"},{"taxonomy":"product_cat","embeddable":true,"href":"https:\/\/www.hirtenberg-apotheke.at\/katalog\/wp-json\/wp\/v2\/product_cat?post=16797"},{"taxonomy":"product_tag","embeddable":true,"href":"https:\/\/www.hirtenberg-apotheke.at\/katalog\/wp-json\/wp\/v2\/product_tag?post=16797"}],"curies":[{"name":"wp","href":"https:\/\/api.w.org\/{rel}","templated":true}]}}