{"id":16832,"date":"2025-11-25T17:18:14","date_gmt":"2025-11-25T16:18:14","guid":{"rendered":"https:\/\/www.hirtenberg-apotheke.at\/katalog\/produkt\/eucerin-hyaluron-filler-anti-age-nachtpflege\/"},"modified":"2025-11-25T17:18:26","modified_gmt":"2025-11-25T16:18:26","slug":"eucerin-hyaluron-filler-anti-age-nachtpflege","status":"publish","type":"product","link":"https:\/\/www.hirtenberg-apotheke.at\/katalog\/produkt\/eucerin-hyaluron-filler-anti-age-nachtpflege\/","title":{"rendered":"Eucerin HYALURON FILLER Anti-Age Nachtpflege"},"content":{"rendered":"<p>Die Eucerin HYALURON-FILLER Nachtpflege ist eine Nachtcreme, die Hyalurons\u00e4ure enth\u00e4lt. Die Hyalurons\u00e4ure tr\u00e4gt dazu bei, selbst ausgepr\u00e4gte Falten von innen heraus aufzuf\u00fcllen. Au\u00dferdem enth\u00e4lt sie bioaktives Saponin, um die hauteigene Hyalurons\u00e4ureproduktion anzuregen. Parallel unterst\u00fctzt konzentriertes Dexpanthenol den Regenerationsprozess der Haut im Schlaf. Die Haut f\u00fchlt sich zart und gut gepflegt an..<\/p>\n","protected":false},"excerpt":{"rendered":"<p>Die Eucerin HYALURON-FILLER Nachtpflege ist eine Nachtcreme, die Hyalurons\u00e4ure enth\u00e4lt. Die Hyalurons\u00e4ure tr\u00e4gt dazu bei, selbst ausgepr\u00e4gte Falten von innen heraus aufzuf\u00fcllen. Au\u00dferdem enth\u00e4lt sie bioaktives Saponin, um die hauteigene Hyalurons\u00e4ureproduktion anzuregen. Parallel unterst\u00fctzt konzentriertes Dexpanthenol den Regenerationsprozess der Haut im Schlaf. Die Haut f\u00fchlt sich zart und gut gepflegt an..<\/p>\n","protected":false},"featured_media":0,"template":"","meta":{"_acf_changed":false},"product_brand":[694],"product_cat":[307],"product_tag":[],"class_list":{"0":"post-16832","1":"product","2":"type-product","3":"status-publish","5":"product_brand-eucerin","6":"product_cat-e","7":"pa_packungsgroesse-50ml","9":"first","10":"instock","11":"shipping-taxable","12":"purchasable","13":"product-type-simple"},"acf":[],"_links":{"self":[{"href":"https:\/\/www.hirtenberg-apotheke.at\/katalog\/wp-json\/wp\/v2\/product\/16832","targetHints":{"allow":["GET"]}}],"collection":[{"href":"https:\/\/www.hirtenberg-apotheke.at\/katalog\/wp-json\/wp\/v2\/product"}],"about":[{"href":"https:\/\/www.hirtenberg-apotheke.at\/katalog\/wp-json\/wp\/v2\/types\/product"}],"wp:attachment":[{"href":"https:\/\/www.hirtenberg-apotheke.at\/katalog\/wp-json\/wp\/v2\/media?parent=16832"}],"wp:term":[{"taxonomy":"product_brand","embeddable":true,"href":"https:\/\/www.hirtenberg-apotheke.at\/katalog\/wp-json\/wp\/v2\/product_brand?post=16832"},{"taxonomy":"product_cat","embeddable":true,"href":"https:\/\/www.hirtenberg-apotheke.at\/katalog\/wp-json\/wp\/v2\/product_cat?post=16832"},{"taxonomy":"product_tag","embeddable":true,"href":"https:\/\/www.hirtenberg-apotheke.at\/katalog\/wp-json\/wp\/v2\/product_tag?post=16832"}],"curies":[{"name":"wp","href":"https:\/\/api.w.org\/{rel}","templated":true}]}}