{"id":16876,"date":"2025-11-25T17:18:52","date_gmt":"2025-11-25T16:18:52","guid":{"rendered":"https:\/\/www.hirtenberg-apotheke.at\/katalog\/produkt\/la-roche-posay-respectissime-augen-make-up-entferner-wasserfest-125-ml\/"},"modified":"2025-11-25T17:18:57","modified_gmt":"2025-11-25T16:18:57","slug":"la-roche-posay-respectissime-augen-make-up-entferner-wasserfest-125-ml","status":"publish","type":"product","link":"https:\/\/www.hirtenberg-apotheke.at\/katalog\/produkt\/la-roche-posay-respectissime-augen-make-up-entferner-wasserfest-125-ml\/","title":{"rendered":"La Roche-Posay Respectissime Augen-Make-Up-Entferner Wasserfest 125 ml"},"content":{"rendered":"<p>La Roche-Posay Respectissime Makeup Entferner wasserfest mit Zwei-Phasen-Wirkung entfernt auch wasserfestes Make-up zuverl\u00e4ssig. Die Fettphase l\u00f6st den Mascara. Die Wasserphase entfernt ihn und den \u00fcbersch\u00fcssigen Fettanteil..<\/p>\n","protected":false},"excerpt":{"rendered":"<p>La Roche-Posay Respectissime Makeup Entferner wasserfest mit Zwei-Phasen-Wirkung entfernt auch wasserfestes Make-up zuverl\u00e4ssig. Die Fettphase l\u00f6st den Mascara. Die Wasserphase entfernt ihn und den \u00fcbersch\u00fcssigen Fettanteil..<\/p>\n","protected":false},"featured_media":0,"template":"","meta":{"_acf_changed":false},"product_brand":[692],"product_cat":[317],"product_tag":[],"class_list":{"0":"post-16876","1":"product","2":"type-product","3":"status-publish","5":"product_brand-la-roche-posay","6":"product_cat-l","7":"pa_packungsgroesse-125ml","9":"first","10":"instock","11":"shipping-taxable","12":"purchasable","13":"product-type-simple"},"acf":[],"_links":{"self":[{"href":"https:\/\/www.hirtenberg-apotheke.at\/katalog\/wp-json\/wp\/v2\/product\/16876","targetHints":{"allow":["GET"]}}],"collection":[{"href":"https:\/\/www.hirtenberg-apotheke.at\/katalog\/wp-json\/wp\/v2\/product"}],"about":[{"href":"https:\/\/www.hirtenberg-apotheke.at\/katalog\/wp-json\/wp\/v2\/types\/product"}],"wp:attachment":[{"href":"https:\/\/www.hirtenberg-apotheke.at\/katalog\/wp-json\/wp\/v2\/media?parent=16876"}],"wp:term":[{"taxonomy":"product_brand","embeddable":true,"href":"https:\/\/www.hirtenberg-apotheke.at\/katalog\/wp-json\/wp\/v2\/product_brand?post=16876"},{"taxonomy":"product_cat","embeddable":true,"href":"https:\/\/www.hirtenberg-apotheke.at\/katalog\/wp-json\/wp\/v2\/product_cat?post=16876"},{"taxonomy":"product_tag","embeddable":true,"href":"https:\/\/www.hirtenberg-apotheke.at\/katalog\/wp-json\/wp\/v2\/product_tag?post=16876"}],"curies":[{"name":"wp","href":"https:\/\/api.w.org\/{rel}","templated":true}]}}