{"id":16915,"date":"2025-11-25T17:19:12","date_gmt":"2025-11-25T16:19:12","guid":{"rendered":"https:\/\/www.hirtenberg-apotheke.at\/katalog\/produkt\/vichy-nutrilogie-2-aufbaucreme-fuer-sehr-trockene-haut\/"},"modified":"2025-11-25T17:19:19","modified_gmt":"2025-11-25T16:19:19","slug":"vichy-nutrilogie-2-aufbaucreme-fuer-sehr-trockene-haut","status":"publish","type":"product","link":"https:\/\/www.hirtenberg-apotheke.at\/katalog\/produkt\/vichy-nutrilogie-2-aufbaucreme-fuer-sehr-trockene-haut\/","title":{"rendered":"Vichy NUTRILOGIE 2 Aufbaucreme f\u00fcr sehr trockene Haut"},"content":{"rendered":"<p>VICHY Nutrilogie 2 Intensiv &#8211; Aufbaupflege f\u00fcr sehr trockene Haut sorgt f\u00fcr ein sofortiges Wohlbefinden ohne Spannungsgef\u00fchle &#8211; 24h lang.<\/p>\n","protected":false},"excerpt":{"rendered":"<p>VICHY Nutrilogie 2 Intensiv &#8211; Aufbaupflege f\u00fcr sehr trockene Haut sorgt f\u00fcr ein sofortiges Wohlbefinden ohne Spannungsgef\u00fchle &#8211; 24h lang.<\/p>\n","protected":false},"featured_media":0,"template":"","meta":{"_acf_changed":false},"product_brand":[691],"product_cat":[300],"product_tag":[],"class_list":{"0":"post-16915","1":"product","2":"type-product","3":"status-publish","5":"product_brand-vichy","6":"product_cat-v","7":"pa_packungsgroesse-50ml","9":"first","10":"instock","11":"shipping-taxable","12":"purchasable","13":"product-type-simple"},"acf":[],"_links":{"self":[{"href":"https:\/\/www.hirtenberg-apotheke.at\/katalog\/wp-json\/wp\/v2\/product\/16915","targetHints":{"allow":["GET"]}}],"collection":[{"href":"https:\/\/www.hirtenberg-apotheke.at\/katalog\/wp-json\/wp\/v2\/product"}],"about":[{"href":"https:\/\/www.hirtenberg-apotheke.at\/katalog\/wp-json\/wp\/v2\/types\/product"}],"wp:attachment":[{"href":"https:\/\/www.hirtenberg-apotheke.at\/katalog\/wp-json\/wp\/v2\/media?parent=16915"}],"wp:term":[{"taxonomy":"product_brand","embeddable":true,"href":"https:\/\/www.hirtenberg-apotheke.at\/katalog\/wp-json\/wp\/v2\/product_brand?post=16915"},{"taxonomy":"product_cat","embeddable":true,"href":"https:\/\/www.hirtenberg-apotheke.at\/katalog\/wp-json\/wp\/v2\/product_cat?post=16915"},{"taxonomy":"product_tag","embeddable":true,"href":"https:\/\/www.hirtenberg-apotheke.at\/katalog\/wp-json\/wp\/v2\/product_tag?post=16915"}],"curies":[{"name":"wp","href":"https:\/\/api.w.org\/{rel}","templated":true}]}}