{"id":16993,"date":"2025-11-25T17:20:12","date_gmt":"2025-11-25T16:20:12","guid":{"rendered":"https:\/\/www.hirtenberg-apotheke.at\/katalog\/produkt\/mascara-med-wasserfest-5-ml\/"},"modified":"2025-11-25T17:20:15","modified_gmt":"2025-11-25T16:20:15","slug":"mascara-med-wasserfest-5-ml","status":"publish","type":"product","link":"https:\/\/www.hirtenberg-apotheke.at\/katalog\/produkt\/mascara-med-wasserfest-5-ml\/","title":{"rendered":"Mascara Med Wasserfest 5 ml"},"content":{"rendered":"<p>Mascara Med Wasserfest f\u00fcr l\u00e4ngere und kr\u00e4ftigere Wimpern schenkt Ihnen sofort intensiv schwarze Wimpern &#8211; und das ohne Verlaufen! Der Wasser- und wischfeste Mascara pigmentiert die ungeschminkten Wimpern. Der moderne Wirkstoffkomplex pflegt und n\u00e4hrt die Wimpern. Zus\u00e4tzlich wird das Wimpernwachstum unterst\u00fctzt &#8211; jetzt besonders g\u00fcnstig bestellen!<\/p>\n","protected":false},"excerpt":{"rendered":"<p>Mascara Med Wasserfest f\u00fcr l\u00e4ngere und kr\u00e4ftigere Wimpern schenkt Ihnen sofort intensiv schwarze Wimpern &#8211; und das ohne Verlaufen! Der Wasser- und wischfeste Mascara pigmentiert die ungeschminkten Wimpern. Der moderne Wirkstoffkomplex pflegt und n\u00e4hrt die Wimpern. Zus\u00e4tzlich wird das Wimpernwachstum unterst\u00fctzt &#8211; jetzt besonders g\u00fcnstig bestellen!<\/p>\n","protected":false},"featured_media":0,"template":"","meta":{"_acf_changed":false},"product_brand":[],"product_cat":[308],"product_tag":[],"class_list":{"0":"post-16993","1":"product","2":"type-product","3":"status-publish","5":"product_cat-m","6":"pa_packungsgroesse-5ml","8":"first","9":"instock","10":"shipping-taxable","11":"purchasable","12":"product-type-simple"},"acf":[],"_links":{"self":[{"href":"https:\/\/www.hirtenberg-apotheke.at\/katalog\/wp-json\/wp\/v2\/product\/16993","targetHints":{"allow":["GET"]}}],"collection":[{"href":"https:\/\/www.hirtenberg-apotheke.at\/katalog\/wp-json\/wp\/v2\/product"}],"about":[{"href":"https:\/\/www.hirtenberg-apotheke.at\/katalog\/wp-json\/wp\/v2\/types\/product"}],"wp:attachment":[{"href":"https:\/\/www.hirtenberg-apotheke.at\/katalog\/wp-json\/wp\/v2\/media?parent=16993"}],"wp:term":[{"taxonomy":"product_brand","embeddable":true,"href":"https:\/\/www.hirtenberg-apotheke.at\/katalog\/wp-json\/wp\/v2\/product_brand?post=16993"},{"taxonomy":"product_cat","embeddable":true,"href":"https:\/\/www.hirtenberg-apotheke.at\/katalog\/wp-json\/wp\/v2\/product_cat?post=16993"},{"taxonomy":"product_tag","embeddable":true,"href":"https:\/\/www.hirtenberg-apotheke.at\/katalog\/wp-json\/wp\/v2\/product_tag?post=16993"}],"curies":[{"name":"wp","href":"https:\/\/api.w.org\/{rel}","templated":true}]}}