{"id":17017,"date":"2025-11-25T17:20:21","date_gmt":"2025-11-25T16:20:21","guid":{"rendered":"https:\/\/www.hirtenberg-apotheke.at\/katalog\/produkt\/la-roche-posay-hydraphase-uv-intense-riche-50-ml\/"},"modified":"2025-11-25T17:20:29","modified_gmt":"2025-11-25T16:20:29","slug":"la-roche-posay-hydraphase-uv-intense-riche-50-ml","status":"publish","type":"product","link":"https:\/\/www.hirtenberg-apotheke.at\/katalog\/produkt\/la-roche-posay-hydraphase-uv-intense-riche-50-ml\/","title":{"rendered":"La Roche-Posay Hydraphase UV Intense Riche 50 ml"},"content":{"rendered":"<p>Hydraphase Intense UV ist eine leichte Gesichtspflege, die empfindliche Haut intensiv mit Feuchtigkeit versorgt. Die Gesichtspflege mit fragmentierter Hyalurons\u00e4ure sorgt f\u00fcr lang anhaltend pralle und geschmeidige Haut. Die Pflege kr\u00e4ftigt den Zusammenhalt der Epidermis und sorgt so f\u00fcr eine lang anhaltende Feuchtigkeitsversorgung.<\/p>\n","protected":false},"excerpt":{"rendered":"<p>Hydraphase Intense UV ist eine leichte Gesichtspflege, die empfindliche Haut intensiv mit Feuchtigkeit versorgt. Die Gesichtspflege mit fragmentierter Hyalurons\u00e4ure sorgt f\u00fcr lang anhaltend pralle und geschmeidige Haut. Die Pflege kr\u00e4ftigt den Zusammenhalt der Epidermis und sorgt so f\u00fcr eine lang anhaltende Feuchtigkeitsversorgung.<\/p>\n","protected":false},"featured_media":17019,"template":"","meta":{"_acf_changed":false},"product_brand":[692],"product_cat":[317],"product_tag":[],"class_list":{"0":"post-17017","1":"product","2":"type-product","3":"status-publish","4":"has-post-thumbnail","6":"product_brand-la-roche-posay","7":"product_cat-l","8":"pa_packungsgroesse-50ml","10":"first","11":"instock","12":"shipping-taxable","13":"purchasable","14":"product-type-simple"},"acf":[],"_links":{"self":[{"href":"https:\/\/www.hirtenberg-apotheke.at\/katalog\/wp-json\/wp\/v2\/product\/17017","targetHints":{"allow":["GET"]}}],"collection":[{"href":"https:\/\/www.hirtenberg-apotheke.at\/katalog\/wp-json\/wp\/v2\/product"}],"about":[{"href":"https:\/\/www.hirtenberg-apotheke.at\/katalog\/wp-json\/wp\/v2\/types\/product"}],"wp:featuredmedia":[{"embeddable":true,"href":"https:\/\/www.hirtenberg-apotheke.at\/katalog\/wp-json\/wp\/v2\/media\/17019"}],"wp:attachment":[{"href":"https:\/\/www.hirtenberg-apotheke.at\/katalog\/wp-json\/wp\/v2\/media?parent=17017"}],"wp:term":[{"taxonomy":"product_brand","embeddable":true,"href":"https:\/\/www.hirtenberg-apotheke.at\/katalog\/wp-json\/wp\/v2\/product_brand?post=17017"},{"taxonomy":"product_cat","embeddable":true,"href":"https:\/\/www.hirtenberg-apotheke.at\/katalog\/wp-json\/wp\/v2\/product_cat?post=17017"},{"taxonomy":"product_tag","embeddable":true,"href":"https:\/\/www.hirtenberg-apotheke.at\/katalog\/wp-json\/wp\/v2\/product_tag?post=17017"}],"curies":[{"name":"wp","href":"https:\/\/api.w.org\/{rel}","templated":true}]}}