{"id":17026,"date":"2025-11-25T17:20:28","date_gmt":"2025-11-25T16:20:28","guid":{"rendered":"https:\/\/www.hirtenberg-apotheke.at\/katalog\/produkt\/dermasel-exklusiv-totes-meer-maske-12-ml-anti-aging\/"},"modified":"2025-11-25T17:20:32","modified_gmt":"2025-11-25T16:20:32","slug":"dermasel-exklusiv-totes-meer-maske-12-ml-anti-aging","status":"publish","type":"product","link":"https:\/\/www.hirtenberg-apotheke.at\/katalog\/produkt\/dermasel-exklusiv-totes-meer-maske-12-ml-anti-aging\/","title":{"rendered":"Dermasel exklusiv Totes Meer Maske 12 ml Anti-Aging"},"content":{"rendered":"<p>Schenken Sie sich mit der DermaSel\u00ae Totes Meer Mineralien Tiefenwirksame Erholungs Maske eine belebende Wohltat f\u00fcr m\u00fcde Haut. Sichtbare Erholung bietet die Wirkformel aus proteinreichem Algenextrakt, Vitamin E. Tiefsee-Enzymen und DHB400, dem einzigartigen Mineralienkonzentrat auf dem Toten Meer. Die reichhaltige Crememaske verbessert die Hautelastizit\u00e4t und unterst\u00fctzt die nat\u00fcrliche Zell-Regeneration. Der Teint wirkt sichtbar entspannt, verj\u00fcngt und sch\u00f6n. Haben Sie heute schon etwas vor? G\u00f6nnen Sie Ihrer Haut nach einem langen, anstrengenden Tag vor dem Ausgehen die Erholung, die Ihren Teint wieder frisch und sch\u00f6n wie am Morgen strahlen l\u00e4sst! .<\/p>\n","protected":false},"excerpt":{"rendered":"<p>Schenken Sie sich mit der DermaSel\u00ae Totes Meer Mineralien Tiefenwirksame Erholungs Maske eine belebende Wohltat f\u00fcr m\u00fcde Haut. Sichtbare Erholung bietet die Wirkformel aus proteinreichem Algenextrakt, Vitamin E. Tiefsee-Enzymen und DHB400, dem einzigartigen Mineralienkonzentrat auf dem Toten Meer. Die reichhaltige Crememaske verbessert die Hautelastizit\u00e4t und unterst\u00fctzt die nat\u00fcrliche Zell-Regeneration. Der Teint wirkt sichtbar entspannt, verj\u00fcngt [&hellip;]<\/p>\n","protected":false},"featured_media":0,"template":"","meta":{"_acf_changed":false},"product_brand":[700],"product_cat":[295],"product_tag":[],"class_list":{"0":"post-17026","1":"product","2":"type-product","3":"status-publish","5":"product_brand-dermasel","6":"product_cat-d","7":"pa_packungsgroesse-12ml","9":"first","10":"instock","11":"shipping-taxable","12":"purchasable","13":"product-type-simple"},"acf":[],"_links":{"self":[{"href":"https:\/\/www.hirtenberg-apotheke.at\/katalog\/wp-json\/wp\/v2\/product\/17026","targetHints":{"allow":["GET"]}}],"collection":[{"href":"https:\/\/www.hirtenberg-apotheke.at\/katalog\/wp-json\/wp\/v2\/product"}],"about":[{"href":"https:\/\/www.hirtenberg-apotheke.at\/katalog\/wp-json\/wp\/v2\/types\/product"}],"wp:attachment":[{"href":"https:\/\/www.hirtenberg-apotheke.at\/katalog\/wp-json\/wp\/v2\/media?parent=17026"}],"wp:term":[{"taxonomy":"product_brand","embeddable":true,"href":"https:\/\/www.hirtenberg-apotheke.at\/katalog\/wp-json\/wp\/v2\/product_brand?post=17026"},{"taxonomy":"product_cat","embeddable":true,"href":"https:\/\/www.hirtenberg-apotheke.at\/katalog\/wp-json\/wp\/v2\/product_cat?post=17026"},{"taxonomy":"product_tag","embeddable":true,"href":"https:\/\/www.hirtenberg-apotheke.at\/katalog\/wp-json\/wp\/v2\/product_tag?post=17026"}],"curies":[{"name":"wp","href":"https:\/\/api.w.org\/{rel}","templated":true}]}}