{"id":17054,"date":"2025-11-25T17:20:38","date_gmt":"2025-11-25T16:20:38","guid":{"rendered":"https:\/\/www.hirtenberg-apotheke.at\/katalog\/produkt\/olivenoel-gesichtspflege-creme-50-ml\/"},"modified":"2025-11-25T17:20:48","modified_gmt":"2025-11-25T16:20:48","slug":"olivenoel-gesichtspflege-creme-50-ml","status":"publish","type":"product","link":"https:\/\/www.hirtenberg-apotheke.at\/katalog\/produkt\/olivenoel-gesichtspflege-creme-50-ml\/","title":{"rendered":"Oliven\u00f6l Gesichtspflege Creme 50 ml"},"content":{"rendered":"<p>Oliven\u00f6l Gesichtspflege Creme ist eine hochwertige Gesichtspflege mit nat\u00fcrlichem Oliven\u00f6l,  welche die trockene und empfindliche Haut sanft mit Fett und Feuchtigkeit versorgt.<\/p>\n","protected":false},"excerpt":{"rendered":"<p>Oliven\u00f6l Gesichtspflege Creme ist eine hochwertige Gesichtspflege mit nat\u00fcrlichem Oliven\u00f6l, welche die trockene und empfindliche Haut sanft mit Fett und Feuchtigkeit versorgt.<\/p>\n","protected":false},"featured_media":17056,"template":"","meta":{"_acf_changed":false},"product_brand":[701],"product_cat":[349],"product_tag":[],"class_list":{"0":"post-17054","1":"product","2":"type-product","3":"status-publish","4":"has-post-thumbnail","6":"product_brand-olivenoel-theiss","7":"product_cat-o","8":"pa_packungsgroesse-50ml","10":"first","11":"instock","12":"shipping-taxable","13":"purchasable","14":"product-type-simple"},"acf":[],"_links":{"self":[{"href":"https:\/\/www.hirtenberg-apotheke.at\/katalog\/wp-json\/wp\/v2\/product\/17054","targetHints":{"allow":["GET"]}}],"collection":[{"href":"https:\/\/www.hirtenberg-apotheke.at\/katalog\/wp-json\/wp\/v2\/product"}],"about":[{"href":"https:\/\/www.hirtenberg-apotheke.at\/katalog\/wp-json\/wp\/v2\/types\/product"}],"wp:featuredmedia":[{"embeddable":true,"href":"https:\/\/www.hirtenberg-apotheke.at\/katalog\/wp-json\/wp\/v2\/media\/17056"}],"wp:attachment":[{"href":"https:\/\/www.hirtenberg-apotheke.at\/katalog\/wp-json\/wp\/v2\/media?parent=17054"}],"wp:term":[{"taxonomy":"product_brand","embeddable":true,"href":"https:\/\/www.hirtenberg-apotheke.at\/katalog\/wp-json\/wp\/v2\/product_brand?post=17054"},{"taxonomy":"product_cat","embeddable":true,"href":"https:\/\/www.hirtenberg-apotheke.at\/katalog\/wp-json\/wp\/v2\/product_cat?post=17054"},{"taxonomy":"product_tag","embeddable":true,"href":"https:\/\/www.hirtenberg-apotheke.at\/katalog\/wp-json\/wp\/v2\/product_tag?post=17054"}],"curies":[{"name":"wp","href":"https:\/\/api.w.org\/{rel}","templated":true}]}}