{"id":17058,"date":"2025-11-25T17:20:47","date_gmt":"2025-11-25T16:20:47","guid":{"rendered":"https:\/\/www.hirtenberg-apotheke.at\/katalog\/produkt\/dermasel-maske-spa-12-ml-anti-muedigkeit\/"},"modified":"2025-11-25T17:20:49","modified_gmt":"2025-11-25T16:20:49","slug":"dermasel-maske-spa-12-ml-anti-muedigkeit","status":"publish","type":"product","link":"https:\/\/www.hirtenberg-apotheke.at\/katalog\/produkt\/dermasel-maske-spa-12-ml-anti-muedigkeit\/","title":{"rendered":"Dermasel Maske spa 12 ml Anti-M\u00fcdigkeit"},"content":{"rendered":"<p>Dermasel Maske spa verw\u00f6hnt mit duftenden Essenzen und ausgesuchten Naturextrakten. In Kombination mit den wertvollen Mineralsalzen aus dem Toten Meer bilden sie eine ganzheitlich Wellness-Pflege. F\u00fcr vollendenten Einklang von K\u00f6rper und Seele und ein wunderbar glattes Hautgef\u00fchl.<\/p>\n","protected":false},"excerpt":{"rendered":"<p>Dermasel Maske spa verw\u00f6hnt mit duftenden Essenzen und ausgesuchten Naturextrakten. In Kombination mit den wertvollen Mineralsalzen aus dem Toten Meer bilden sie eine ganzheitlich Wellness-Pflege. F\u00fcr vollendenten Einklang von K\u00f6rper und Seele und ein wunderbar glattes Hautgef\u00fchl.<\/p>\n","protected":false},"featured_media":0,"template":"","meta":{"_acf_changed":false},"product_brand":[700],"product_cat":[295],"product_tag":[],"class_list":{"0":"post-17058","1":"product","2":"type-product","3":"status-publish","5":"product_brand-dermasel","6":"product_cat-d","7":"pa_packungsgroesse-12ml","9":"first","10":"instock","11":"shipping-taxable","12":"purchasable","13":"product-type-simple"},"acf":[],"_links":{"self":[{"href":"https:\/\/www.hirtenberg-apotheke.at\/katalog\/wp-json\/wp\/v2\/product\/17058","targetHints":{"allow":["GET"]}}],"collection":[{"href":"https:\/\/www.hirtenberg-apotheke.at\/katalog\/wp-json\/wp\/v2\/product"}],"about":[{"href":"https:\/\/www.hirtenberg-apotheke.at\/katalog\/wp-json\/wp\/v2\/types\/product"}],"wp:attachment":[{"href":"https:\/\/www.hirtenberg-apotheke.at\/katalog\/wp-json\/wp\/v2\/media?parent=17058"}],"wp:term":[{"taxonomy":"product_brand","embeddable":true,"href":"https:\/\/www.hirtenberg-apotheke.at\/katalog\/wp-json\/wp\/v2\/product_brand?post=17058"},{"taxonomy":"product_cat","embeddable":true,"href":"https:\/\/www.hirtenberg-apotheke.at\/katalog\/wp-json\/wp\/v2\/product_cat?post=17058"},{"taxonomy":"product_tag","embeddable":true,"href":"https:\/\/www.hirtenberg-apotheke.at\/katalog\/wp-json\/wp\/v2\/product_tag?post=17058"}],"curies":[{"name":"wp","href":"https:\/\/api.w.org\/{rel}","templated":true}]}}