{"id":17077,"date":"2025-11-25T17:20:59","date_gmt":"2025-11-25T16:20:59","guid":{"rendered":"https:\/\/www.hirtenberg-apotheke.at\/katalog\/produkt\/la-roche-posay-hydraphase-intense-serum-30-ml\/"},"modified":"2025-11-25T17:21:10","modified_gmt":"2025-11-25T16:21:10","slug":"la-roche-posay-hydraphase-intense-serum-30-ml","status":"publish","type":"product","link":"https:\/\/www.hirtenberg-apotheke.at\/katalog\/produkt\/la-roche-posay-hydraphase-intense-serum-30-ml\/","title":{"rendered":"La Roche-Posay Hydraphase Intense Serum 30 ml"},"content":{"rendered":"<p>La Roche-Posay Hydraphase intense beruhigt und spendet trockener Haut sofort und langanhaltend Feuchtigkeit. Die Pflege eignet sich f\u00fcr feuchtigkeitsarme, empfindliche Haut f\u00fcr die t\u00e4gliche Anwendung oder auch bei Spannungsgef\u00fchlen, Juckreiz und kleinen Trockenheitsfalten.<\/p>\n","protected":false},"excerpt":{"rendered":"<p>La Roche-Posay Hydraphase intense beruhigt und spendet trockener Haut sofort und langanhaltend Feuchtigkeit. Die Pflege eignet sich f\u00fcr feuchtigkeitsarme, empfindliche Haut f\u00fcr die t\u00e4gliche Anwendung oder auch bei Spannungsgef\u00fchlen, Juckreiz und kleinen Trockenheitsfalten.<\/p>\n","protected":false},"featured_media":17079,"template":"","meta":{"_acf_changed":false},"product_brand":[692],"product_cat":[317],"product_tag":[],"class_list":{"0":"post-17077","1":"product","2":"type-product","3":"status-publish","4":"has-post-thumbnail","6":"product_brand-la-roche-posay","7":"product_cat-l","8":"pa_packungsgroesse-30ml","10":"first","11":"instock","12":"shipping-taxable","13":"purchasable","14":"product-type-simple"},"acf":[],"_links":{"self":[{"href":"https:\/\/www.hirtenberg-apotheke.at\/katalog\/wp-json\/wp\/v2\/product\/17077","targetHints":{"allow":["GET"]}}],"collection":[{"href":"https:\/\/www.hirtenberg-apotheke.at\/katalog\/wp-json\/wp\/v2\/product"}],"about":[{"href":"https:\/\/www.hirtenberg-apotheke.at\/katalog\/wp-json\/wp\/v2\/types\/product"}],"wp:featuredmedia":[{"embeddable":true,"href":"https:\/\/www.hirtenberg-apotheke.at\/katalog\/wp-json\/wp\/v2\/media\/17079"}],"wp:attachment":[{"href":"https:\/\/www.hirtenberg-apotheke.at\/katalog\/wp-json\/wp\/v2\/media?parent=17077"}],"wp:term":[{"taxonomy":"product_brand","embeddable":true,"href":"https:\/\/www.hirtenberg-apotheke.at\/katalog\/wp-json\/wp\/v2\/product_brand?post=17077"},{"taxonomy":"product_cat","embeddable":true,"href":"https:\/\/www.hirtenberg-apotheke.at\/katalog\/wp-json\/wp\/v2\/product_cat?post=17077"},{"taxonomy":"product_tag","embeddable":true,"href":"https:\/\/www.hirtenberg-apotheke.at\/katalog\/wp-json\/wp\/v2\/product_tag?post=17077"}],"curies":[{"name":"wp","href":"https:\/\/api.w.org\/{rel}","templated":true}]}}