{"id":17114,"date":"2025-11-25T17:21:23","date_gmt":"2025-11-25T16:21:23","guid":{"rendered":"https:\/\/www.hirtenberg-apotheke.at\/katalog\/produkt\/eucerin-urea-gesichtscreme-hautglaettend-mit-urea-5-fuer-trockene-haut\/"},"modified":"2025-11-25T17:21:27","modified_gmt":"2025-11-25T16:21:27","slug":"eucerin-urea-gesichtscreme-hautglaettend-mit-urea-5-fuer-trockene-haut","status":"publish","type":"product","link":"https:\/\/www.hirtenberg-apotheke.at\/katalog\/produkt\/eucerin-urea-gesichtscreme-hautglaettend-mit-urea-5-fuer-trockene-haut\/","title":{"rendered":"Eucerin UREA Gesichtscreme hautgl\u00e4ttend mit Urea 5% f\u00fcr trockene Haut"},"content":{"rendered":"<p>Eucerin 5% Urea Repair Tag Gesichtscreme ist eine schnell einziehende Gesichtscreme f\u00fcr trockene bis sehr trockene Haut. Sie spendet sofort intensive Feuchtigkeit und lindert das Spannungsgef\u00fchl. Die Haut wird wieder sp\u00fcrbar glatter und geschmeidiger.<\/p>\n","protected":false},"excerpt":{"rendered":"<p>Eucerin 5% Urea Repair Tag Gesichtscreme ist eine schnell einziehende Gesichtscreme f\u00fcr trockene bis sehr trockene Haut. Sie spendet sofort intensive Feuchtigkeit und lindert das Spannungsgef\u00fchl. Die Haut wird wieder sp\u00fcrbar glatter und geschmeidiger.<\/p>\n","protected":false},"featured_media":17116,"template":"","meta":{"_acf_changed":false},"product_brand":[694],"product_cat":[307],"product_tag":[],"class_list":{"0":"post-17114","1":"product","2":"type-product","3":"status-publish","4":"has-post-thumbnail","6":"product_brand-eucerin","7":"product_cat-e","8":"pa_packungsgroesse-50ml","10":"first","11":"instock","12":"shipping-taxable","13":"purchasable","14":"product-type-simple"},"acf":[],"_links":{"self":[{"href":"https:\/\/www.hirtenberg-apotheke.at\/katalog\/wp-json\/wp\/v2\/product\/17114","targetHints":{"allow":["GET"]}}],"collection":[{"href":"https:\/\/www.hirtenberg-apotheke.at\/katalog\/wp-json\/wp\/v2\/product"}],"about":[{"href":"https:\/\/www.hirtenberg-apotheke.at\/katalog\/wp-json\/wp\/v2\/types\/product"}],"wp:featuredmedia":[{"embeddable":true,"href":"https:\/\/www.hirtenberg-apotheke.at\/katalog\/wp-json\/wp\/v2\/media\/17116"}],"wp:attachment":[{"href":"https:\/\/www.hirtenberg-apotheke.at\/katalog\/wp-json\/wp\/v2\/media?parent=17114"}],"wp:term":[{"taxonomy":"product_brand","embeddable":true,"href":"https:\/\/www.hirtenberg-apotheke.at\/katalog\/wp-json\/wp\/v2\/product_brand?post=17114"},{"taxonomy":"product_cat","embeddable":true,"href":"https:\/\/www.hirtenberg-apotheke.at\/katalog\/wp-json\/wp\/v2\/product_cat?post=17114"},{"taxonomy":"product_tag","embeddable":true,"href":"https:\/\/www.hirtenberg-apotheke.at\/katalog\/wp-json\/wp\/v2\/product_tag?post=17114"}],"curies":[{"name":"wp","href":"https:\/\/api.w.org\/{rel}","templated":true}]}}