{"id":17151,"date":"2025-11-25T17:21:46","date_gmt":"2025-11-25T16:21:46","guid":{"rendered":"https:\/\/www.hirtenberg-apotheke.at\/katalog\/produkt\/la-roche-posay-mikrofeines-peeling-50-ml\/"},"modified":"2025-11-25T17:21:50","modified_gmt":"2025-11-25T16:21:50","slug":"la-roche-posay-mikrofeines-peeling-50-ml","status":"publish","type":"product","link":"https:\/\/www.hirtenberg-apotheke.at\/katalog\/produkt\/la-roche-posay-mikrofeines-peeling-50-ml\/","title":{"rendered":"La Roche-Posay Mikrofeines Peeling 50 ml"},"content":{"rendered":"<p>Das Peeling von LA ROCHE-POSAY mit runden, mikrofeinen Partikel verfeinert das Hautbild besonders sanft und eignet sich f\u00fcr jeden Hauttyp, besonders f\u00fcr empfindliche Haut. Die Formel ist pH-hautneutral und respektiert die nat\u00fcrlichen Eigenschaften der Haut. Pflegendes Thermalwasser wirkt hautberuhigend und st\u00e4rkt die nat\u00fcrliche Hautschutzbarriere. Zudem ist das Fluid seifenfrei sowie frei von Farbstoffen, Parabenen und Alkohol und nicht komedogen.<\/p>\n","protected":false},"excerpt":{"rendered":"<p>Das Peeling von LA ROCHE-POSAY mit runden, mikrofeinen Partikel verfeinert das Hautbild besonders sanft und eignet sich f\u00fcr jeden Hauttyp, besonders f\u00fcr empfindliche Haut. Die Formel ist pH-hautneutral und respektiert die nat\u00fcrlichen Eigenschaften der Haut. Pflegendes Thermalwasser wirkt hautberuhigend und st\u00e4rkt die nat\u00fcrliche Hautschutzbarriere. Zudem ist das Fluid seifenfrei sowie frei von Farbstoffen, Parabenen und [&hellip;]<\/p>\n","protected":false},"featured_media":0,"template":"","meta":{"_acf_changed":false},"product_brand":[692],"product_cat":[317],"product_tag":[],"class_list":{"0":"post-17151","1":"product","2":"type-product","3":"status-publish","5":"product_brand-la-roche-posay","6":"product_cat-l","7":"pa_packungsgroesse-50ml","9":"first","10":"instock","11":"shipping-taxable","12":"purchasable","13":"product-type-simple"},"acf":[],"_links":{"self":[{"href":"https:\/\/www.hirtenberg-apotheke.at\/katalog\/wp-json\/wp\/v2\/product\/17151","targetHints":{"allow":["GET"]}}],"collection":[{"href":"https:\/\/www.hirtenberg-apotheke.at\/katalog\/wp-json\/wp\/v2\/product"}],"about":[{"href":"https:\/\/www.hirtenberg-apotheke.at\/katalog\/wp-json\/wp\/v2\/types\/product"}],"wp:attachment":[{"href":"https:\/\/www.hirtenberg-apotheke.at\/katalog\/wp-json\/wp\/v2\/media?parent=17151"}],"wp:term":[{"taxonomy":"product_brand","embeddable":true,"href":"https:\/\/www.hirtenberg-apotheke.at\/katalog\/wp-json\/wp\/v2\/product_brand?post=17151"},{"taxonomy":"product_cat","embeddable":true,"href":"https:\/\/www.hirtenberg-apotheke.at\/katalog\/wp-json\/wp\/v2\/product_cat?post=17151"},{"taxonomy":"product_tag","embeddable":true,"href":"https:\/\/www.hirtenberg-apotheke.at\/katalog\/wp-json\/wp\/v2\/product_tag?post=17151"}],"curies":[{"name":"wp","href":"https:\/\/api.w.org\/{rel}","templated":true}]}}