{"id":17166,"date":"2025-11-25T17:22:00","date_gmt":"2025-11-25T16:22:00","guid":{"rendered":"https:\/\/www.hirtenberg-apotheke.at\/katalog\/produkt\/eucerin-atopicontrol-12-omega-gesichtscreme\/"},"modified":"2025-11-25T17:22:03","modified_gmt":"2025-11-25T16:22:03","slug":"eucerin-atopicontrol-12-omega-gesichtscreme","status":"publish","type":"product","link":"https:\/\/www.hirtenberg-apotheke.at\/katalog\/produkt\/eucerin-atopicontrol-12-omega-gesichtscreme\/","title":{"rendered":"Eucerin ATOPICONTROL 12% Omega Gesichtscreme"},"content":{"rendered":"<p>Eucerin AtopiControl Gesichtscreme ist eine leichte, gut einziehende Creme f\u00fcr die t\u00e4gliche Pflege in symptomfreien Phasen. Mit 12 % Omega und Licochalcone A zur Beruhigung und St\u00e4rkung von atopischer Haut.<\/p>\n","protected":false},"excerpt":{"rendered":"<p>Eucerin AtopiControl Gesichtscreme ist eine leichte, gut einziehende Creme f\u00fcr die t\u00e4gliche Pflege in symptomfreien Phasen. Mit 12 % Omega und Licochalcone A zur Beruhigung und St\u00e4rkung von atopischer Haut.<\/p>\n","protected":false},"featured_media":0,"template":"","meta":{"_acf_changed":false},"product_brand":[694],"product_cat":[307],"product_tag":[],"class_list":{"0":"post-17166","1":"product","2":"type-product","3":"status-publish","5":"product_brand-eucerin","6":"product_cat-e","7":"pa_packungsgroesse-50ml","9":"first","10":"instock","11":"shipping-taxable","12":"purchasable","13":"product-type-simple"},"acf":[],"_links":{"self":[{"href":"https:\/\/www.hirtenberg-apotheke.at\/katalog\/wp-json\/wp\/v2\/product\/17166","targetHints":{"allow":["GET"]}}],"collection":[{"href":"https:\/\/www.hirtenberg-apotheke.at\/katalog\/wp-json\/wp\/v2\/product"}],"about":[{"href":"https:\/\/www.hirtenberg-apotheke.at\/katalog\/wp-json\/wp\/v2\/types\/product"}],"wp:attachment":[{"href":"https:\/\/www.hirtenberg-apotheke.at\/katalog\/wp-json\/wp\/v2\/media?parent=17166"}],"wp:term":[{"taxonomy":"product_brand","embeddable":true,"href":"https:\/\/www.hirtenberg-apotheke.at\/katalog\/wp-json\/wp\/v2\/product_brand?post=17166"},{"taxonomy":"product_cat","embeddable":true,"href":"https:\/\/www.hirtenberg-apotheke.at\/katalog\/wp-json\/wp\/v2\/product_cat?post=17166"},{"taxonomy":"product_tag","embeddable":true,"href":"https:\/\/www.hirtenberg-apotheke.at\/katalog\/wp-json\/wp\/v2\/product_tag?post=17166"}],"curies":[{"name":"wp","href":"https:\/\/api.w.org\/{rel}","templated":true}]}}