{"id":17198,"date":"2025-11-25T17:22:15","date_gmt":"2025-11-25T16:22:15","guid":{"rendered":"https:\/\/www.hirtenberg-apotheke.at\/katalog\/produkt\/vichy-aqualia-thermal-augen-balsam\/"},"modified":"2025-11-25T17:22:20","modified_gmt":"2025-11-25T16:22:20","slug":"vichy-aqualia-thermal-augen-balsam","status":"publish","type":"product","link":"https:\/\/www.hirtenberg-apotheke.at\/katalog\/produkt\/vichy-aqualia-thermal-augen-balsam\/","title":{"rendered":"Vichy AQUALIA THERMAL Augen-Balsam"},"content":{"rendered":"<p>VICHY Aqualia Thermal Belebender Augenbalsam spendet langanhaltend Feuchtigkeit, mildert Tr\u00e4nens\u00e4cke und Augenringe, gl\u00e4ttet Trockenheitsf\u00e4ltchen. F\u00fcr einen frischen, wachen Blick den ganzen Tag.<\/p>\n","protected":false},"excerpt":{"rendered":"<p>VICHY Aqualia Thermal Belebender Augenbalsam spendet langanhaltend Feuchtigkeit, mildert Tr\u00e4nens\u00e4cke und Augenringe, gl\u00e4ttet Trockenheitsf\u00e4ltchen. F\u00fcr einen frischen, wachen Blick den ganzen Tag.<\/p>\n","protected":false},"featured_media":0,"template":"","meta":{"_acf_changed":false},"product_brand":[691],"product_cat":[300],"product_tag":[],"class_list":{"0":"post-17198","1":"product","2":"type-product","3":"status-publish","5":"product_brand-vichy","6":"product_cat-v","7":"pa_packungsgroesse-15ml","9":"first","10":"instock","11":"shipping-taxable","12":"purchasable","13":"product-type-simple"},"acf":[],"_links":{"self":[{"href":"https:\/\/www.hirtenberg-apotheke.at\/katalog\/wp-json\/wp\/v2\/product\/17198","targetHints":{"allow":["GET"]}}],"collection":[{"href":"https:\/\/www.hirtenberg-apotheke.at\/katalog\/wp-json\/wp\/v2\/product"}],"about":[{"href":"https:\/\/www.hirtenberg-apotheke.at\/katalog\/wp-json\/wp\/v2\/types\/product"}],"wp:attachment":[{"href":"https:\/\/www.hirtenberg-apotheke.at\/katalog\/wp-json\/wp\/v2\/media?parent=17198"}],"wp:term":[{"taxonomy":"product_brand","embeddable":true,"href":"https:\/\/www.hirtenberg-apotheke.at\/katalog\/wp-json\/wp\/v2\/product_brand?post=17198"},{"taxonomy":"product_cat","embeddable":true,"href":"https:\/\/www.hirtenberg-apotheke.at\/katalog\/wp-json\/wp\/v2\/product_cat?post=17198"},{"taxonomy":"product_tag","embeddable":true,"href":"https:\/\/www.hirtenberg-apotheke.at\/katalog\/wp-json\/wp\/v2\/product_tag?post=17198"}],"curies":[{"name":"wp","href":"https:\/\/api.w.org\/{rel}","templated":true}]}}