{"id":17204,"date":"2025-11-25T17:22:23","date_gmt":"2025-11-25T16:22:23","guid":{"rendered":"https:\/\/www.hirtenberg-apotheke.at\/katalog\/produkt\/eucerin-volume-filler-hyaluron-nachtcreme\/"},"modified":"2025-11-25T17:22:25","modified_gmt":"2025-11-25T16:22:25","slug":"eucerin-volume-filler-hyaluron-nachtcreme","status":"publish","type":"product","link":"https:\/\/www.hirtenberg-apotheke.at\/katalog\/produkt\/eucerin-volume-filler-hyaluron-nachtcreme\/","title":{"rendered":"Eucerin VOLUME-FILLER Hyaluron Nachtcreme"},"content":{"rendered":"<p>Eucerin Hyaluron-Filler + Volume-Lift Nachtpflege f\u00fcr alle Hauttypen wirkt \u00fcber Nacht in den verschiedenen Hautschichten fehlender Festigkeit der Haut und dem Verlust von Volumen entgegen. Auf nat\u00fcrlicher Basis gewonnenes Magnolol steigert die Gr\u00f6\u00dfe und Menge volumengebender Hautzellen, w\u00e4hrend Oligo Peptide das Kollagennetzwerk stimulieren. Hyalurons\u00e4ure versorgt die Haut intensiv mit Feuchtigkeit und vermindert die Faltentiefe.<\/p>\n","protected":false},"excerpt":{"rendered":"<p>Eucerin Hyaluron-Filler + Volume-Lift Nachtpflege f\u00fcr alle Hauttypen wirkt \u00fcber Nacht in den verschiedenen Hautschichten fehlender Festigkeit der Haut und dem Verlust von Volumen entgegen. Auf nat\u00fcrlicher Basis gewonnenes Magnolol steigert die Gr\u00f6\u00dfe und Menge volumengebender Hautzellen, w\u00e4hrend Oligo Peptide das Kollagennetzwerk stimulieren. Hyalurons\u00e4ure versorgt die Haut intensiv mit Feuchtigkeit und vermindert die Faltentiefe.<\/p>\n","protected":false},"featured_media":0,"template":"","meta":{"_acf_changed":false},"product_brand":[694],"product_cat":[307],"product_tag":[],"class_list":{"0":"post-17204","1":"product","2":"type-product","3":"status-publish","5":"product_brand-eucerin","6":"product_cat-e","7":"pa_packungsgroesse-50ml","9":"first","10":"instock","11":"shipping-taxable","12":"purchasable","13":"product-type-simple"},"acf":[],"_links":{"self":[{"href":"https:\/\/www.hirtenberg-apotheke.at\/katalog\/wp-json\/wp\/v2\/product\/17204","targetHints":{"allow":["GET"]}}],"collection":[{"href":"https:\/\/www.hirtenberg-apotheke.at\/katalog\/wp-json\/wp\/v2\/product"}],"about":[{"href":"https:\/\/www.hirtenberg-apotheke.at\/katalog\/wp-json\/wp\/v2\/types\/product"}],"wp:attachment":[{"href":"https:\/\/www.hirtenberg-apotheke.at\/katalog\/wp-json\/wp\/v2\/media?parent=17204"}],"wp:term":[{"taxonomy":"product_brand","embeddable":true,"href":"https:\/\/www.hirtenberg-apotheke.at\/katalog\/wp-json\/wp\/v2\/product_brand?post=17204"},{"taxonomy":"product_cat","embeddable":true,"href":"https:\/\/www.hirtenberg-apotheke.at\/katalog\/wp-json\/wp\/v2\/product_cat?post=17204"},{"taxonomy":"product_tag","embeddable":true,"href":"https:\/\/www.hirtenberg-apotheke.at\/katalog\/wp-json\/wp\/v2\/product_tag?post=17204"}],"curies":[{"name":"wp","href":"https:\/\/api.w.org\/{rel}","templated":true}]}}