{"id":17230,"date":"2025-11-25T17:22:39","date_gmt":"2025-11-25T16:22:39","guid":{"rendered":"https:\/\/www.hirtenberg-apotheke.at\/katalog\/produkt\/la-roche-posay-redermic-pure-vitamin-c-augenpflege-15-ml\/"},"modified":"2025-11-25T17:22:41","modified_gmt":"2025-11-25T16:22:41","slug":"la-roche-posay-redermic-pure-vitamin-c-augenpflege-15-ml","status":"publish","type":"product","link":"https:\/\/www.hirtenberg-apotheke.at\/katalog\/produkt\/la-roche-posay-redermic-pure-vitamin-c-augenpflege-15-ml\/","title":{"rendered":"La Roche-Posay Redermic Pure Vitamin C Augenpflege 15 ml"},"content":{"rendered":"<p>La Roche-Posay Redermic C Antifalten Augenpflege ist eine korrigierende Anti-Aging Augencreme gegen Falten f\u00fcr empfindliche Haut. Sofort nach der Anwendung versorgt fragmentierte Hyalurons\u00e4ure die Haut intensiv mit Feuchtigkeit und f\u00fcllt Falten auf. Konzentriertes, reines Vitamin C stimuliert zus\u00e4tzlich die Produktion der st\u00fctzenden Kollagenfasern, um die Haut zu straffen.<\/p>\n","protected":false},"excerpt":{"rendered":"<p>La Roche-Posay Redermic C Antifalten Augenpflege ist eine korrigierende Anti-Aging Augencreme gegen Falten f\u00fcr empfindliche Haut. Sofort nach der Anwendung versorgt fragmentierte Hyalurons\u00e4ure die Haut intensiv mit Feuchtigkeit und f\u00fcllt Falten auf. Konzentriertes, reines Vitamin C stimuliert zus\u00e4tzlich die Produktion der st\u00fctzenden Kollagenfasern, um die Haut zu straffen.<\/p>\n","protected":false},"featured_media":17232,"template":"","meta":{"_acf_changed":false},"product_brand":[692],"product_cat":[317],"product_tag":[],"class_list":{"0":"post-17230","1":"product","2":"type-product","3":"status-publish","4":"has-post-thumbnail","6":"product_brand-la-roche-posay","7":"product_cat-l","8":"pa_packungsgroesse-15ml","10":"first","11":"instock","12":"shipping-taxable","13":"purchasable","14":"product-type-simple"},"acf":[],"_links":{"self":[{"href":"https:\/\/www.hirtenberg-apotheke.at\/katalog\/wp-json\/wp\/v2\/product\/17230","targetHints":{"allow":["GET"]}}],"collection":[{"href":"https:\/\/www.hirtenberg-apotheke.at\/katalog\/wp-json\/wp\/v2\/product"}],"about":[{"href":"https:\/\/www.hirtenberg-apotheke.at\/katalog\/wp-json\/wp\/v2\/types\/product"}],"wp:featuredmedia":[{"embeddable":true,"href":"https:\/\/www.hirtenberg-apotheke.at\/katalog\/wp-json\/wp\/v2\/media\/17232"}],"wp:attachment":[{"href":"https:\/\/www.hirtenberg-apotheke.at\/katalog\/wp-json\/wp\/v2\/media?parent=17230"}],"wp:term":[{"taxonomy":"product_brand","embeddable":true,"href":"https:\/\/www.hirtenberg-apotheke.at\/katalog\/wp-json\/wp\/v2\/product_brand?post=17230"},{"taxonomy":"product_cat","embeddable":true,"href":"https:\/\/www.hirtenberg-apotheke.at\/katalog\/wp-json\/wp\/v2\/product_cat?post=17230"},{"taxonomy":"product_tag","embeddable":true,"href":"https:\/\/www.hirtenberg-apotheke.at\/katalog\/wp-json\/wp\/v2\/product_tag?post=17230"}],"curies":[{"name":"wp","href":"https:\/\/api.w.org\/{rel}","templated":true}]}}