{"id":17238,"date":"2025-11-25T17:22:39","date_gmt":"2025-11-25T16:22:39","guid":{"rendered":"https:\/\/www.hirtenberg-apotheke.at\/katalog\/produkt\/vichy-mineral-maske-hauterneuernde-maske-6ml-sachet-2-stueck\/"},"modified":"2025-11-25T17:22:44","modified_gmt":"2025-11-25T16:22:44","slug":"vichy-mineral-maske-hauterneuernde-maske-6ml-sachet-2-stueck","status":"publish","type":"product","link":"https:\/\/www.hirtenberg-apotheke.at\/katalog\/produkt\/vichy-mineral-maske-hauterneuernde-maske-6ml-sachet-2-stueck\/","title":{"rendered":"Vichy MINERAL-MASKE Hauterneuernde Maske &#8211; 6ml Sachet 2 St\u00fcck"},"content":{"rendered":"<p>Die hauterneuernde Mineral-Maske von VICHY mit Vulkangestein und Fruchts\u00e4ure (AHA) bek\u00e4mpft sanft abgestorbene Zellen, verfeinert das Hautbild und schenkt dem Teint frische Ausstrahlung.<\/p>\n","protected":false},"excerpt":{"rendered":"<p>Die hauterneuernde Mineral-Maske von VICHY mit Vulkangestein und Fruchts\u00e4ure (AHA) bek\u00e4mpft sanft abgestorbene Zellen, verfeinert das Hautbild und schenkt dem Teint frische Ausstrahlung.<\/p>\n","protected":false},"featured_media":0,"template":"","meta":{"_acf_changed":false},"product_brand":[691],"product_cat":[300],"product_tag":[],"class_list":{"0":"post-17238","1":"product","2":"type-product","3":"status-publish","5":"product_brand-vichy","6":"product_cat-v","7":"pa_packungsgroesse-2-stueck","9":"first","10":"instock","11":"shipping-taxable","12":"purchasable","13":"product-type-simple"},"acf":[],"_links":{"self":[{"href":"https:\/\/www.hirtenberg-apotheke.at\/katalog\/wp-json\/wp\/v2\/product\/17238","targetHints":{"allow":["GET"]}}],"collection":[{"href":"https:\/\/www.hirtenberg-apotheke.at\/katalog\/wp-json\/wp\/v2\/product"}],"about":[{"href":"https:\/\/www.hirtenberg-apotheke.at\/katalog\/wp-json\/wp\/v2\/types\/product"}],"wp:attachment":[{"href":"https:\/\/www.hirtenberg-apotheke.at\/katalog\/wp-json\/wp\/v2\/media?parent=17238"}],"wp:term":[{"taxonomy":"product_brand","embeddable":true,"href":"https:\/\/www.hirtenberg-apotheke.at\/katalog\/wp-json\/wp\/v2\/product_brand?post=17238"},{"taxonomy":"product_cat","embeddable":true,"href":"https:\/\/www.hirtenberg-apotheke.at\/katalog\/wp-json\/wp\/v2\/product_cat?post=17238"},{"taxonomy":"product_tag","embeddable":true,"href":"https:\/\/www.hirtenberg-apotheke.at\/katalog\/wp-json\/wp\/v2\/product_tag?post=17238"}],"curies":[{"name":"wp","href":"https:\/\/api.w.org\/{rel}","templated":true}]}}