{"id":17240,"date":"2025-11-25T17:22:39","date_gmt":"2025-11-25T16:22:39","guid":{"rendered":"https:\/\/www.hirtenberg-apotheke.at\/katalog\/produkt\/vichy-nutrilogie-1-aufbaucreme-fuer-trockene-haut\/"},"modified":"2025-11-25T17:22:45","modified_gmt":"2025-11-25T16:22:45","slug":"vichy-nutrilogie-1-aufbaucreme-fuer-trockene-haut","status":"publish","type":"product","link":"https:\/\/www.hirtenberg-apotheke.at\/katalog\/produkt\/vichy-nutrilogie-1-aufbaucreme-fuer-trockene-haut\/","title":{"rendered":"Vichy NUTRILOGIE 1 Aufbaucreme f\u00fcr trockene Haut"},"content":{"rendered":"<p>VICHY Nutrilogie 1 Intensiv-Aufbaupflege f\u00fcr trockene Haut sorgt f\u00fcr sofortiges Wohlbefinden der Haut ohne Spannungsgef\u00fchle \u2013 24 Stunden lang. Eine \u201enormalisierte\u201c Haut zeigten 44% der Testpersonen mit trockener Haut nach nur 4-w\u00f6chiger Behandlung (multizentrische Studie).<\/p>\n","protected":false},"excerpt":{"rendered":"<p>VICHY Nutrilogie 1 Intensiv-Aufbaupflege f\u00fcr trockene Haut sorgt f\u00fcr sofortiges Wohlbefinden der Haut ohne Spannungsgef\u00fchle \u2013 24 Stunden lang. Eine \u201enormalisierte\u201c Haut zeigten 44% der Testpersonen mit trockener Haut nach nur 4-w\u00f6chiger Behandlung (multizentrische Studie).<\/p>\n","protected":false},"featured_media":0,"template":"","meta":{"_acf_changed":false},"product_brand":[691],"product_cat":[300],"product_tag":[],"class_list":{"0":"post-17240","1":"product","2":"type-product","3":"status-publish","5":"product_brand-vichy","6":"product_cat-v","7":"pa_packungsgroesse-50ml","9":"first","10":"instock","11":"shipping-taxable","12":"purchasable","13":"product-type-simple"},"acf":[],"_links":{"self":[{"href":"https:\/\/www.hirtenberg-apotheke.at\/katalog\/wp-json\/wp\/v2\/product\/17240","targetHints":{"allow":["GET"]}}],"collection":[{"href":"https:\/\/www.hirtenberg-apotheke.at\/katalog\/wp-json\/wp\/v2\/product"}],"about":[{"href":"https:\/\/www.hirtenberg-apotheke.at\/katalog\/wp-json\/wp\/v2\/types\/product"}],"wp:attachment":[{"href":"https:\/\/www.hirtenberg-apotheke.at\/katalog\/wp-json\/wp\/v2\/media?parent=17240"}],"wp:term":[{"taxonomy":"product_brand","embeddable":true,"href":"https:\/\/www.hirtenberg-apotheke.at\/katalog\/wp-json\/wp\/v2\/product_brand?post=17240"},{"taxonomy":"product_cat","embeddable":true,"href":"https:\/\/www.hirtenberg-apotheke.at\/katalog\/wp-json\/wp\/v2\/product_cat?post=17240"},{"taxonomy":"product_tag","embeddable":true,"href":"https:\/\/www.hirtenberg-apotheke.at\/katalog\/wp-json\/wp\/v2\/product_tag?post=17240"}],"curies":[{"name":"wp","href":"https:\/\/api.w.org\/{rel}","templated":true}]}}