{"id":17248,"date":"2025-11-25T17:22:46","date_gmt":"2025-11-25T16:22:46","guid":{"rendered":"https:\/\/www.hirtenberg-apotheke.at\/katalog\/produkt\/la-roche-mizellen-reinigungsschaum\/"},"modified":"2025-11-25T17:22:50","modified_gmt":"2025-11-25T16:22:50","slug":"la-roche-mizellen-reinigungsschaum","status":"publish","type":"product","link":"https:\/\/www.hirtenberg-apotheke.at\/katalog\/produkt\/la-roche-mizellen-reinigungsschaum\/","title":{"rendered":"La Roche MIZELLEN REINIGUNGSSCHAUM"},"content":{"rendered":"<p>La Roche-Posay Mizellen Reinigungsschaum dient zur Reinigung sowie Make-up-Entfernung f\u00fcr Gesicht, Augen und Lippen und eignet sich f\u00fcr alle Hauttypen. Der cremige Schaum mit Mizellen-Technologie erm\u00f6glicht ein besonders sanftes Reinigen und Abschminken ohne hautstrapazierendes Reiben. Die Formel ist pH-hautneutral und respektiert die nat\u00fcrlichen Eigenschaften der Haut. Zudem ist das Fluid seifenfrei sowie frei von Farbstoffen, Parabenen und Alkohol und nicht komedogen.<\/p>\n","protected":false},"excerpt":{"rendered":"<p>La Roche-Posay Mizellen Reinigungsschaum dient zur Reinigung sowie Make-up-Entfernung f\u00fcr Gesicht, Augen und Lippen und eignet sich f\u00fcr alle Hauttypen. Der cremige Schaum mit Mizellen-Technologie erm\u00f6glicht ein besonders sanftes Reinigen und Abschminken ohne hautstrapazierendes Reiben. Die Formel ist pH-hautneutral und respektiert die nat\u00fcrlichen Eigenschaften der Haut. Zudem ist das Fluid seifenfrei sowie frei von Farbstoffen, [&hellip;]<\/p>\n","protected":false},"featured_media":0,"template":"","meta":{"_acf_changed":false},"product_brand":[692],"product_cat":[317],"product_tag":[],"class_list":{"0":"post-17248","1":"product","2":"type-product","3":"status-publish","5":"product_brand-la-roche-posay","6":"product_cat-l","7":"pa_packungsgroesse-150ml","9":"first","10":"instock","11":"shipping-taxable","12":"purchasable","13":"product-type-simple"},"acf":[],"_links":{"self":[{"href":"https:\/\/www.hirtenberg-apotheke.at\/katalog\/wp-json\/wp\/v2\/product\/17248","targetHints":{"allow":["GET"]}}],"collection":[{"href":"https:\/\/www.hirtenberg-apotheke.at\/katalog\/wp-json\/wp\/v2\/product"}],"about":[{"href":"https:\/\/www.hirtenberg-apotheke.at\/katalog\/wp-json\/wp\/v2\/types\/product"}],"wp:attachment":[{"href":"https:\/\/www.hirtenberg-apotheke.at\/katalog\/wp-json\/wp\/v2\/media?parent=17248"}],"wp:term":[{"taxonomy":"product_brand","embeddable":true,"href":"https:\/\/www.hirtenberg-apotheke.at\/katalog\/wp-json\/wp\/v2\/product_brand?post=17248"},{"taxonomy":"product_cat","embeddable":true,"href":"https:\/\/www.hirtenberg-apotheke.at\/katalog\/wp-json\/wp\/v2\/product_cat?post=17248"},{"taxonomy":"product_tag","embeddable":true,"href":"https:\/\/www.hirtenberg-apotheke.at\/katalog\/wp-json\/wp\/v2\/product_tag?post=17248"}],"curies":[{"name":"wp","href":"https:\/\/api.w.org\/{rel}","templated":true}]}}