{"id":17262,"date":"2025-11-25T17:22:55","date_gmt":"2025-11-25T16:22:55","guid":{"rendered":"https:\/\/www.hirtenberg-apotheke.at\/katalog\/produkt\/dr-hauschka-gesichtstonikum-100-ml\/"},"modified":"2025-11-25T17:22:59","modified_gmt":"2025-11-25T16:22:59","slug":"dr-hauschka-gesichtstonikum-100-ml","status":"publish","type":"product","link":"https:\/\/www.hirtenberg-apotheke.at\/katalog\/produkt\/dr-hauschka-gesichtstonikum-100-ml\/","title":{"rendered":"Dr. Hauschka Gesichtstonikum 100 ml"},"content":{"rendered":"<p>Dr. Hauschka Gesichtstonikum regt die Eigenkr\u00e4fte der Haut auf sanfte Art und Weise an. Es sorgt f\u00fcr einen rosigen Teint mit lebendiger Ausstrahlung. F\u00fcr normale, trockene, empfindliche und regenerationsbed\u00fcrftige Haut ist das Gesichtstonikum die ideale st\u00e4rkende Basispflege.<\/p>\n","protected":false},"excerpt":{"rendered":"<p>Dr. Hauschka Gesichtstonikum regt die Eigenkr\u00e4fte der Haut auf sanfte Art und Weise an. Es sorgt f\u00fcr einen rosigen Teint mit lebendiger Ausstrahlung. F\u00fcr normale, trockene, empfindliche und regenerationsbed\u00fcrftige Haut ist das Gesichtstonikum die ideale st\u00e4rkende Basispflege.<\/p>\n","protected":false},"featured_media":0,"template":"","meta":{"_acf_changed":false},"product_brand":[695],"product_cat":[295],"product_tag":[],"class_list":{"0":"post-17262","1":"product","2":"type-product","3":"status-publish","5":"product_brand-dr-hauschka","6":"product_cat-d","7":"pa_packungsgroesse-100ml","9":"first","10":"instock","11":"shipping-taxable","12":"purchasable","13":"product-type-simple"},"acf":[],"_links":{"self":[{"href":"https:\/\/www.hirtenberg-apotheke.at\/katalog\/wp-json\/wp\/v2\/product\/17262","targetHints":{"allow":["GET"]}}],"collection":[{"href":"https:\/\/www.hirtenberg-apotheke.at\/katalog\/wp-json\/wp\/v2\/product"}],"about":[{"href":"https:\/\/www.hirtenberg-apotheke.at\/katalog\/wp-json\/wp\/v2\/types\/product"}],"wp:attachment":[{"href":"https:\/\/www.hirtenberg-apotheke.at\/katalog\/wp-json\/wp\/v2\/media?parent=17262"}],"wp:term":[{"taxonomy":"product_brand","embeddable":true,"href":"https:\/\/www.hirtenberg-apotheke.at\/katalog\/wp-json\/wp\/v2\/product_brand?post=17262"},{"taxonomy":"product_cat","embeddable":true,"href":"https:\/\/www.hirtenberg-apotheke.at\/katalog\/wp-json\/wp\/v2\/product_cat?post=17262"},{"taxonomy":"product_tag","embeddable":true,"href":"https:\/\/www.hirtenberg-apotheke.at\/katalog\/wp-json\/wp\/v2\/product_tag?post=17262"}],"curies":[{"name":"wp","href":"https:\/\/api.w.org\/{rel}","templated":true}]}}