{"id":17280,"date":"2025-11-25T17:23:05","date_gmt":"2025-11-25T16:23:05","guid":{"rendered":"https:\/\/www.hirtenberg-apotheke.at\/katalog\/produkt\/viva-skin-creme-30-g\/"},"modified":"2025-11-25T17:23:14","modified_gmt":"2025-11-25T16:23:14","slug":"viva-skin-creme-30-g","status":"publish","type":"product","link":"https:\/\/www.hirtenberg-apotheke.at\/katalog\/produkt\/viva-skin-creme-30-g\/","title":{"rendered":"Viva Skin Creme 30 g"},"content":{"rendered":"<p>VIVA SKIN\u00ae Creme ist die sanfte Hilfe bei trockener Haut. Als Wasser-\u00d6l-Emulsion, das hei\u00dft mehr Feuchtigkeit, weniger \u00d6lgehalt, wirkt die Creme angenehm k\u00fchlend auf anspruchsvolle Haut &#8211; ohne zu fetten..<\/p>\n","protected":false},"excerpt":{"rendered":"<p>VIVA SKIN\u00ae Creme ist die sanfte Hilfe bei trockener Haut. Als Wasser-\u00d6l-Emulsion, das hei\u00dft mehr Feuchtigkeit, weniger \u00d6lgehalt, wirkt die Creme angenehm k\u00fchlend auf anspruchsvolle Haut &#8211; ohne zu fetten..<\/p>\n","protected":false},"featured_media":17282,"template":"","meta":{"_acf_changed":false},"product_brand":[],"product_cat":[300],"product_tag":[],"class_list":{"0":"post-17280","1":"product","2":"type-product","3":"status-publish","4":"has-post-thumbnail","6":"product_cat-v","7":"pa_packungsgroesse-30g","9":"first","10":"instock","11":"shipping-taxable","12":"purchasable","13":"product-type-simple"},"acf":[],"_links":{"self":[{"href":"https:\/\/www.hirtenberg-apotheke.at\/katalog\/wp-json\/wp\/v2\/product\/17280","targetHints":{"allow":["GET"]}}],"collection":[{"href":"https:\/\/www.hirtenberg-apotheke.at\/katalog\/wp-json\/wp\/v2\/product"}],"about":[{"href":"https:\/\/www.hirtenberg-apotheke.at\/katalog\/wp-json\/wp\/v2\/types\/product"}],"wp:featuredmedia":[{"embeddable":true,"href":"https:\/\/www.hirtenberg-apotheke.at\/katalog\/wp-json\/wp\/v2\/media\/17282"}],"wp:attachment":[{"href":"https:\/\/www.hirtenberg-apotheke.at\/katalog\/wp-json\/wp\/v2\/media?parent=17280"}],"wp:term":[{"taxonomy":"product_brand","embeddable":true,"href":"https:\/\/www.hirtenberg-apotheke.at\/katalog\/wp-json\/wp\/v2\/product_brand?post=17280"},{"taxonomy":"product_cat","embeddable":true,"href":"https:\/\/www.hirtenberg-apotheke.at\/katalog\/wp-json\/wp\/v2\/product_cat?post=17280"},{"taxonomy":"product_tag","embeddable":true,"href":"https:\/\/www.hirtenberg-apotheke.at\/katalog\/wp-json\/wp\/v2\/product_tag?post=17280"}],"curies":[{"name":"wp","href":"https:\/\/api.w.org\/{rel}","templated":true}]}}