{"id":17308,"date":"2025-11-25T17:23:24","date_gmt":"2025-11-25T16:23:24","guid":{"rendered":"https:\/\/www.hirtenberg-apotheke.at\/katalog\/produkt\/la-roche-posay-pigmentclar-serum-30-ml\/"},"modified":"2025-11-25T17:23:29","modified_gmt":"2025-11-25T16:23:29","slug":"la-roche-posay-pigmentclar-serum-30-ml","status":"publish","type":"product","link":"https:\/\/www.hirtenberg-apotheke.at\/katalog\/produkt\/la-roche-posay-pigmentclar-serum-30-ml\/","title":{"rendered":"La Roche-Posay Pigmentclar Serum 30 ml"},"content":{"rendered":"<p>La Roche-Posay Pigmentclar Serum wirkt gezielt gegen \u00fcberm\u00e4\u00dfige Pigmentierung in jeder Phase ihrer Entwicklung: entstehend, vorhanden und wiederkehrend. Das Serum f\u00f6rdert die Hautabschuppung und tr\u00e4gt so zu einem ebenm\u00e4\u00dfigeren Teint bei. Dank seines tief wirksamen Anti-Pigment Komplexes mildert das Serum sichtbar dunkle Flecken und Pigmentierung.<\/p>\n","protected":false},"excerpt":{"rendered":"<p>La Roche-Posay Pigmentclar Serum wirkt gezielt gegen \u00fcberm\u00e4\u00dfige Pigmentierung in jeder Phase ihrer Entwicklung: entstehend, vorhanden und wiederkehrend. Das Serum f\u00f6rdert die Hautabschuppung und tr\u00e4gt so zu einem ebenm\u00e4\u00dfigeren Teint bei. Dank seines tief wirksamen Anti-Pigment Komplexes mildert das Serum sichtbar dunkle Flecken und Pigmentierung.<\/p>\n","protected":false},"featured_media":17310,"template":"","meta":{"_acf_changed":false},"product_brand":[692],"product_cat":[317],"product_tag":[],"class_list":{"0":"post-17308","1":"product","2":"type-product","3":"status-publish","4":"has-post-thumbnail","6":"product_brand-la-roche-posay","7":"product_cat-l","8":"pa_packungsgroesse-30ml","10":"first","11":"instock","12":"shipping-taxable","13":"purchasable","14":"product-type-simple"},"acf":[],"_links":{"self":[{"href":"https:\/\/www.hirtenberg-apotheke.at\/katalog\/wp-json\/wp\/v2\/product\/17308","targetHints":{"allow":["GET"]}}],"collection":[{"href":"https:\/\/www.hirtenberg-apotheke.at\/katalog\/wp-json\/wp\/v2\/product"}],"about":[{"href":"https:\/\/www.hirtenberg-apotheke.at\/katalog\/wp-json\/wp\/v2\/types\/product"}],"wp:featuredmedia":[{"embeddable":true,"href":"https:\/\/www.hirtenberg-apotheke.at\/katalog\/wp-json\/wp\/v2\/media\/17310"}],"wp:attachment":[{"href":"https:\/\/www.hirtenberg-apotheke.at\/katalog\/wp-json\/wp\/v2\/media?parent=17308"}],"wp:term":[{"taxonomy":"product_brand","embeddable":true,"href":"https:\/\/www.hirtenberg-apotheke.at\/katalog\/wp-json\/wp\/v2\/product_brand?post=17308"},{"taxonomy":"product_cat","embeddable":true,"href":"https:\/\/www.hirtenberg-apotheke.at\/katalog\/wp-json\/wp\/v2\/product_cat?post=17308"},{"taxonomy":"product_tag","embeddable":true,"href":"https:\/\/www.hirtenberg-apotheke.at\/katalog\/wp-json\/wp\/v2\/product_tag?post=17308"}],"curies":[{"name":"wp","href":"https:\/\/api.w.org\/{rel}","templated":true}]}}