{"id":17328,"date":"2025-11-25T17:23:34","date_gmt":"2025-11-25T16:23:34","guid":{"rendered":"https:\/\/www.hirtenberg-apotheke.at\/katalog\/produkt\/dermasence-adtop-creme-50-ml\/"},"modified":"2025-11-25T17:23:44","modified_gmt":"2025-11-25T16:23:44","slug":"dermasence-adtop-creme-50-ml","status":"publish","type":"product","link":"https:\/\/www.hirtenberg-apotheke.at\/katalog\/produkt\/dermasence-adtop-creme-50-ml\/","title":{"rendered":"Dermasence Adtop Creme 50 ml"},"content":{"rendered":"<p>DERMASENCE Adtop Creme 50 ml ist eine wirkungsvolle Pflege bei trockener und zu Neurodermitis neigender Haut. Sie nimmt der Haut Spannungsgef\u00fchle und beruhigt. Ideal f\u00fcr den t\u00e4glichen Einsatz.<\/p>\n","protected":false},"excerpt":{"rendered":"<p>DERMASENCE Adtop Creme 50 ml ist eine wirkungsvolle Pflege bei trockener und zu Neurodermitis neigender Haut. Sie nimmt der Haut Spannungsgef\u00fchle und beruhigt. Ideal f\u00fcr den t\u00e4glichen Einsatz.<\/p>\n","protected":false},"featured_media":17330,"template":"","meta":{"_acf_changed":false},"product_brand":[696],"product_cat":[295],"product_tag":[],"class_list":{"0":"post-17328","1":"product","2":"type-product","3":"status-publish","4":"has-post-thumbnail","6":"product_brand-dermasence","7":"product_cat-d","8":"pa_packungsgroesse-50ml","10":"first","11":"instock","12":"shipping-taxable","13":"purchasable","14":"product-type-simple"},"acf":[],"_links":{"self":[{"href":"https:\/\/www.hirtenberg-apotheke.at\/katalog\/wp-json\/wp\/v2\/product\/17328","targetHints":{"allow":["GET"]}}],"collection":[{"href":"https:\/\/www.hirtenberg-apotheke.at\/katalog\/wp-json\/wp\/v2\/product"}],"about":[{"href":"https:\/\/www.hirtenberg-apotheke.at\/katalog\/wp-json\/wp\/v2\/types\/product"}],"wp:featuredmedia":[{"embeddable":true,"href":"https:\/\/www.hirtenberg-apotheke.at\/katalog\/wp-json\/wp\/v2\/media\/17330"}],"wp:attachment":[{"href":"https:\/\/www.hirtenberg-apotheke.at\/katalog\/wp-json\/wp\/v2\/media?parent=17328"}],"wp:term":[{"taxonomy":"product_brand","embeddable":true,"href":"https:\/\/www.hirtenberg-apotheke.at\/katalog\/wp-json\/wp\/v2\/product_brand?post=17328"},{"taxonomy":"product_cat","embeddable":true,"href":"https:\/\/www.hirtenberg-apotheke.at\/katalog\/wp-json\/wp\/v2\/product_cat?post=17328"},{"taxonomy":"product_tag","embeddable":true,"href":"https:\/\/www.hirtenberg-apotheke.at\/katalog\/wp-json\/wp\/v2\/product_tag?post=17328"}],"curies":[{"name":"wp","href":"https:\/\/api.w.org\/{rel}","templated":true}]}}