{"id":17342,"date":"2025-11-25T17:23:47","date_gmt":"2025-11-25T16:23:47","guid":{"rendered":"https:\/\/www.hirtenberg-apotheke.at\/katalog\/produkt\/dermasel-maske-hydrante-rose-12-ml\/"},"modified":"2025-11-25T17:23:49","modified_gmt":"2025-11-25T16:23:49","slug":"dermasel-maske-hydrante-rose-12-ml","status":"publish","type":"product","link":"https:\/\/www.hirtenberg-apotheke.at\/katalog\/produkt\/dermasel-maske-hydrante-rose-12-ml\/","title":{"rendered":"Dermasel Maske Hydrante Rose 12 ml"},"content":{"rendered":"<p>Dermasel Maske Hydrante Rose gleicht den Feuchtigkeitsgehalt der Haut aus. Die Hautschutzbarriere wird gest\u00e4rkt, die Haut vor Reizungen und trockenheitsbedingter Faltenbildung gesch\u00fctzt. Mit dem Duft zarter Rosenbl\u00fcten.<\/p>\n","protected":false},"excerpt":{"rendered":"<p>Dermasel Maske Hydrante Rose gleicht den Feuchtigkeitsgehalt der Haut aus. Die Hautschutzbarriere wird gest\u00e4rkt, die Haut vor Reizungen und trockenheitsbedingter Faltenbildung gesch\u00fctzt. Mit dem Duft zarter Rosenbl\u00fcten.<\/p>\n","protected":false},"featured_media":0,"template":"","meta":{"_acf_changed":false},"product_brand":[700],"product_cat":[295],"product_tag":[],"class_list":{"0":"post-17342","1":"product","2":"type-product","3":"status-publish","5":"product_brand-dermasel","6":"product_cat-d","7":"pa_packungsgroesse-12ml","9":"first","10":"instock","11":"shipping-taxable","12":"purchasable","13":"product-type-simple"},"acf":[],"_links":{"self":[{"href":"https:\/\/www.hirtenberg-apotheke.at\/katalog\/wp-json\/wp\/v2\/product\/17342","targetHints":{"allow":["GET"]}}],"collection":[{"href":"https:\/\/www.hirtenberg-apotheke.at\/katalog\/wp-json\/wp\/v2\/product"}],"about":[{"href":"https:\/\/www.hirtenberg-apotheke.at\/katalog\/wp-json\/wp\/v2\/types\/product"}],"wp:attachment":[{"href":"https:\/\/www.hirtenberg-apotheke.at\/katalog\/wp-json\/wp\/v2\/media?parent=17342"}],"wp:term":[{"taxonomy":"product_brand","embeddable":true,"href":"https:\/\/www.hirtenberg-apotheke.at\/katalog\/wp-json\/wp\/v2\/product_brand?post=17342"},{"taxonomy":"product_cat","embeddable":true,"href":"https:\/\/www.hirtenberg-apotheke.at\/katalog\/wp-json\/wp\/v2\/product_cat?post=17342"},{"taxonomy":"product_tag","embeddable":true,"href":"https:\/\/www.hirtenberg-apotheke.at\/katalog\/wp-json\/wp\/v2\/product_tag?post=17342"}],"curies":[{"name":"wp","href":"https:\/\/api.w.org\/{rel}","templated":true}]}}