{"id":17389,"date":"2025-11-25T17:24:15","date_gmt":"2025-11-25T16:24:15","guid":{"rendered":"https:\/\/www.hirtenberg-apotheke.at\/katalog\/produkt\/medipharma-cosmetics-olivenoel-feuchtigkeitspflege-50-ml\/"},"modified":"2025-11-25T17:24:17","modified_gmt":"2025-11-25T16:24:17","slug":"medipharma-cosmetics-olivenoel-feuchtigkeitspflege-50-ml","status":"publish","type":"product","link":"https:\/\/www.hirtenberg-apotheke.at\/katalog\/produkt\/medipharma-cosmetics-olivenoel-feuchtigkeitspflege-50-ml\/","title":{"rendered":"Medipharma Cosmetics Oliven\u00f6l Feuchtigkeitspflege 50 ml"},"content":{"rendered":"<p>Medipharma Cosmetics Oliven\u00f6l Feuchtigkeitspflege spendet Ihrer Haut intensive Feuchtigkeit. Die Creme macht Ihre Haut wieder geschmeidig zart. Dazu enth\u00e4lt die Pflege kalt gepresstes Oliven\u00f6l und Shea Butter. F\u00fcr die optimale Pflege trockener Haut spendet Urea zus\u00e4tzliche Feuchtigkeit.<\/p>\n","protected":false},"excerpt":{"rendered":"<p>Medipharma Cosmetics Oliven\u00f6l Feuchtigkeitspflege spendet Ihrer Haut intensive Feuchtigkeit. Die Creme macht Ihre Haut wieder geschmeidig zart. Dazu enth\u00e4lt die Pflege kalt gepresstes Oliven\u00f6l und Shea Butter. F\u00fcr die optimale Pflege trockener Haut spendet Urea zus\u00e4tzliche Feuchtigkeit.<\/p>\n","protected":false},"featured_media":0,"template":"","meta":{"_acf_changed":false},"product_brand":[701],"product_cat":[308],"product_tag":[],"class_list":{"0":"post-17389","1":"product","2":"type-product","3":"status-publish","5":"product_brand-olivenoel-theiss","6":"product_cat-m","7":"pa_packungsgroesse-50ml","9":"first","10":"instock","11":"shipping-taxable","12":"purchasable","13":"product-type-simple"},"acf":[],"_links":{"self":[{"href":"https:\/\/www.hirtenberg-apotheke.at\/katalog\/wp-json\/wp\/v2\/product\/17389","targetHints":{"allow":["GET"]}}],"collection":[{"href":"https:\/\/www.hirtenberg-apotheke.at\/katalog\/wp-json\/wp\/v2\/product"}],"about":[{"href":"https:\/\/www.hirtenberg-apotheke.at\/katalog\/wp-json\/wp\/v2\/types\/product"}],"wp:attachment":[{"href":"https:\/\/www.hirtenberg-apotheke.at\/katalog\/wp-json\/wp\/v2\/media?parent=17389"}],"wp:term":[{"taxonomy":"product_brand","embeddable":true,"href":"https:\/\/www.hirtenberg-apotheke.at\/katalog\/wp-json\/wp\/v2\/product_brand?post=17389"},{"taxonomy":"product_cat","embeddable":true,"href":"https:\/\/www.hirtenberg-apotheke.at\/katalog\/wp-json\/wp\/v2\/product_cat?post=17389"},{"taxonomy":"product_tag","embeddable":true,"href":"https:\/\/www.hirtenberg-apotheke.at\/katalog\/wp-json\/wp\/v2\/product_tag?post=17389"}],"curies":[{"name":"wp","href":"https:\/\/api.w.org\/{rel}","templated":true}]}}