{"id":17395,"date":"2025-11-25T17:24:15","date_gmt":"2025-11-25T16:24:15","guid":{"rendered":"https:\/\/www.hirtenberg-apotheke.at\/katalog\/produkt\/la-roche-mizellen-reinigungsfluid-normale-haut-400ml\/"},"modified":"2025-11-25T17:24:19","modified_gmt":"2025-11-25T16:24:19","slug":"la-roche-mizellen-reinigungsfluid-normale-haut-400ml","status":"publish","type":"product","link":"https:\/\/www.hirtenberg-apotheke.at\/katalog\/produkt\/la-roche-mizellen-reinigungsfluid-normale-haut-400ml\/","title":{"rendered":"La Roche MIZELLEN REINIGUNGSFLUID normale Haut &#8211; 400ml"},"content":{"rendered":"<p>La Roche-Posay Mizellen Normale Haut ist eine Gesichtsreinigung und Make-Up-Entferner mit Mizellen-Technologie. Das Fluid reinigt, kl\u00e4rt und entfernt Make-up und Augen-Make-up gr\u00fcndlich und sanft in nur einem Schritt. Zus\u00e4tzlich vermeidet es R\u00f6tungen und Spannungsgef\u00fchle beim Abschminken.<\/p>\n","protected":false},"excerpt":{"rendered":"<p>La Roche-Posay Mizellen Normale Haut ist eine Gesichtsreinigung und Make-Up-Entferner mit Mizellen-Technologie. Das Fluid reinigt, kl\u00e4rt und entfernt Make-up und Augen-Make-up gr\u00fcndlich und sanft in nur einem Schritt. Zus\u00e4tzlich vermeidet es R\u00f6tungen und Spannungsgef\u00fchle beim Abschminken.<\/p>\n","protected":false},"featured_media":0,"template":"","meta":{"_acf_changed":false},"product_brand":[692],"product_cat":[317],"product_tag":[],"class_list":{"0":"post-17395","1":"product","2":"type-product","3":"status-publish","5":"product_brand-la-roche-posay","6":"product_cat-l","7":"pa_packungsgroesse-400ml","9":"first","10":"instock","11":"shipping-taxable","12":"purchasable","13":"product-type-simple"},"acf":[],"_links":{"self":[{"href":"https:\/\/www.hirtenberg-apotheke.at\/katalog\/wp-json\/wp\/v2\/product\/17395","targetHints":{"allow":["GET"]}}],"collection":[{"href":"https:\/\/www.hirtenberg-apotheke.at\/katalog\/wp-json\/wp\/v2\/product"}],"about":[{"href":"https:\/\/www.hirtenberg-apotheke.at\/katalog\/wp-json\/wp\/v2\/types\/product"}],"wp:attachment":[{"href":"https:\/\/www.hirtenberg-apotheke.at\/katalog\/wp-json\/wp\/v2\/media?parent=17395"}],"wp:term":[{"taxonomy":"product_brand","embeddable":true,"href":"https:\/\/www.hirtenberg-apotheke.at\/katalog\/wp-json\/wp\/v2\/product_brand?post=17395"},{"taxonomy":"product_cat","embeddable":true,"href":"https:\/\/www.hirtenberg-apotheke.at\/katalog\/wp-json\/wp\/v2\/product_cat?post=17395"},{"taxonomy":"product_tag","embeddable":true,"href":"https:\/\/www.hirtenberg-apotheke.at\/katalog\/wp-json\/wp\/v2\/product_tag?post=17395"}],"curies":[{"name":"wp","href":"https:\/\/api.w.org\/{rel}","templated":true}]}}