{"id":17480,"date":"2025-11-25T17:25:17","date_gmt":"2025-11-25T16:25:17","guid":{"rendered":"https:\/\/www.hirtenberg-apotheke.at\/katalog\/produkt\/caudalie-resverat-lifting-nachtcreme\/"},"modified":"2025-11-25T17:25:19","modified_gmt":"2025-11-25T16:25:19","slug":"caudalie-resverat-lifting-nachtcreme","status":"publish","type":"product","link":"https:\/\/www.hirtenberg-apotheke.at\/katalog\/produkt\/caudalie-resverat-lifting-nachtcreme\/","title":{"rendered":"Caudalie RESVERAT LIFTING Nachtcreme"},"content":{"rendered":"<p>Caudalie Resveratrol Kr\u00e4uter-Nachtcreme regeneriert die Haut f\u00fcr ein sch\u00f6nes Erwachen. Die Gesichtszu\u2013ge wirken erholt und glatt, die Haut erscheint straff, der Teint strahlend.<\/p>\n","protected":false},"excerpt":{"rendered":"<p>Caudalie Resveratrol Kr\u00e4uter-Nachtcreme regeneriert die Haut f\u00fcr ein sch\u00f6nes Erwachen. Die Gesichtszu\u2013ge wirken erholt und glatt, die Haut erscheint straff, der Teint strahlend.<\/p>\n","protected":false},"featured_media":17482,"template":"","meta":{"_acf_changed":false},"product_brand":[703],"product_cat":[337],"product_tag":[],"class_list":{"0":"post-17480","1":"product","2":"type-product","3":"status-publish","4":"has-post-thumbnail","6":"product_brand-caudalie","7":"product_cat-c","8":"pa_packungsgroesse-50ml","10":"first","11":"instock","12":"shipping-taxable","13":"purchasable","14":"product-type-simple"},"acf":[],"_links":{"self":[{"href":"https:\/\/www.hirtenberg-apotheke.at\/katalog\/wp-json\/wp\/v2\/product\/17480","targetHints":{"allow":["GET"]}}],"collection":[{"href":"https:\/\/www.hirtenberg-apotheke.at\/katalog\/wp-json\/wp\/v2\/product"}],"about":[{"href":"https:\/\/www.hirtenberg-apotheke.at\/katalog\/wp-json\/wp\/v2\/types\/product"}],"wp:featuredmedia":[{"embeddable":true,"href":"https:\/\/www.hirtenberg-apotheke.at\/katalog\/wp-json\/wp\/v2\/media\/17482"}],"wp:attachment":[{"href":"https:\/\/www.hirtenberg-apotheke.at\/katalog\/wp-json\/wp\/v2\/media?parent=17480"}],"wp:term":[{"taxonomy":"product_brand","embeddable":true,"href":"https:\/\/www.hirtenberg-apotheke.at\/katalog\/wp-json\/wp\/v2\/product_brand?post=17480"},{"taxonomy":"product_cat","embeddable":true,"href":"https:\/\/www.hirtenberg-apotheke.at\/katalog\/wp-json\/wp\/v2\/product_cat?post=17480"},{"taxonomy":"product_tag","embeddable":true,"href":"https:\/\/www.hirtenberg-apotheke.at\/katalog\/wp-json\/wp\/v2\/product_tag?post=17480"}],"curies":[{"name":"wp","href":"https:\/\/api.w.org\/{rel}","templated":true}]}}