{"id":17515,"date":"2025-11-25T17:25:42","date_gmt":"2025-11-25T16:25:42","guid":{"rendered":"https:\/\/www.hirtenberg-apotheke.at\/katalog\/produkt\/eucerin-dermatoclean-klaerendes-gesichtswasser\/"},"modified":"2025-11-25T17:25:43","modified_gmt":"2025-11-25T16:25:43","slug":"eucerin-dermatoclean-klaerendes-gesichtswasser","status":"publish","type":"product","link":"https:\/\/www.hirtenberg-apotheke.at\/katalog\/produkt\/eucerin-dermatoclean-klaerendes-gesichtswasser\/","title":{"rendered":"Eucerin DERMATOCLEAN kl\u00e4rendes Gesichtswasser"},"content":{"rendered":"<p>DermatoCLEAN Kl\u00e4rendes Gesichtswasser kl\u00e4rt porentief und erfrischt die Haut sofort. Es l\u00e4sst den Teint erstrahlen und bereitet die Haut optimal auf die anschlie\u00dfende Pflege vor. Die Haut nimmt nachweislich Sauerstoff besser auf und regeneriert schneller. Die anschlie\u00dfende Pflege kann somit effektiver wirken.<\/p>\n","protected":false},"excerpt":{"rendered":"<p>DermatoCLEAN Kl\u00e4rendes Gesichtswasser kl\u00e4rt porentief und erfrischt die Haut sofort. Es l\u00e4sst den Teint erstrahlen und bereitet die Haut optimal auf die anschlie\u00dfende Pflege vor. Die Haut nimmt nachweislich Sauerstoff besser auf und regeneriert schneller. Die anschlie\u00dfende Pflege kann somit effektiver wirken.<\/p>\n","protected":false},"featured_media":0,"template":"","meta":{"_acf_changed":false},"product_brand":[694],"product_cat":[307],"product_tag":[],"class_list":{"0":"post-17515","1":"product","2":"type-product","3":"status-publish","5":"product_brand-eucerin","6":"product_cat-e","7":"pa_packungsgroesse-200ml","9":"first","10":"instock","11":"shipping-taxable","12":"purchasable","13":"product-type-simple"},"acf":[],"_links":{"self":[{"href":"https:\/\/www.hirtenberg-apotheke.at\/katalog\/wp-json\/wp\/v2\/product\/17515","targetHints":{"allow":["GET"]}}],"collection":[{"href":"https:\/\/www.hirtenberg-apotheke.at\/katalog\/wp-json\/wp\/v2\/product"}],"about":[{"href":"https:\/\/www.hirtenberg-apotheke.at\/katalog\/wp-json\/wp\/v2\/types\/product"}],"wp:attachment":[{"href":"https:\/\/www.hirtenberg-apotheke.at\/katalog\/wp-json\/wp\/v2\/media?parent=17515"}],"wp:term":[{"taxonomy":"product_brand","embeddable":true,"href":"https:\/\/www.hirtenberg-apotheke.at\/katalog\/wp-json\/wp\/v2\/product_brand?post=17515"},{"taxonomy":"product_cat","embeddable":true,"href":"https:\/\/www.hirtenberg-apotheke.at\/katalog\/wp-json\/wp\/v2\/product_cat?post=17515"},{"taxonomy":"product_tag","embeddable":true,"href":"https:\/\/www.hirtenberg-apotheke.at\/katalog\/wp-json\/wp\/v2\/product_tag?post=17515"}],"curies":[{"name":"wp","href":"https:\/\/api.w.org\/{rel}","templated":true}]}}