{"id":17537,"date":"2025-11-25T17:25:51","date_gmt":"2025-11-25T16:25:51","guid":{"rendered":"https:\/\/www.hirtenberg-apotheke.at\/katalog\/produkt\/eucerin-antiroetungen-beruhigende-pflege\/"},"modified":"2025-11-25T17:26:07","modified_gmt":"2025-11-25T16:26:07","slug":"eucerin-antiroetungen-beruhigende-pflege","status":"publish","type":"product","link":"https:\/\/www.hirtenberg-apotheke.at\/katalog\/produkt\/eucerin-antiroetungen-beruhigende-pflege\/","title":{"rendered":"Eucerin AntiR\u00d6TUNGEN Beruhigende Pflege"},"content":{"rendered":"<p>Eucerin Anti-R\u00f6tungen Beruhigende Pflege wurde speziell f\u00fcr ger\u00f6tete, sehr empfindliche Haut und zur Pflege bei Rosazea\/Couperose entwickelt. Zweimal t\u00e4glich nach der Reinigung auf Gesicht, Hals und Dekollet\u00e9 aufgetragen, sorgt sie f\u00fcr ein sofortiges und langanhaltendes Wohlgef\u00fchl der Haut und reduziert R\u00f6tungen effektiv. Gleichzeitig wird die Haut gesch\u00fctzt und es kommt im Laufe der Zeit seltener zu Irritationen.<\/p>\n","protected":false},"excerpt":{"rendered":"<p>Eucerin Anti-R\u00f6tungen Beruhigende Pflege wurde speziell f\u00fcr ger\u00f6tete, sehr empfindliche Haut und zur Pflege bei Rosazea\/Couperose entwickelt. Zweimal t\u00e4glich nach der Reinigung auf Gesicht, Hals und Dekollet\u00e9 aufgetragen, sorgt sie f\u00fcr ein sofortiges und langanhaltendes Wohlgef\u00fchl der Haut und reduziert R\u00f6tungen effektiv. Gleichzeitig wird die Haut gesch\u00fctzt und es kommt im Laufe der Zeit seltener [&hellip;]<\/p>\n","protected":false},"featured_media":0,"template":"","meta":{"_acf_changed":false},"product_brand":[694],"product_cat":[307],"product_tag":[],"class_list":{"0":"post-17537","1":"product","2":"type-product","3":"status-publish","5":"product_brand-eucerin","6":"product_cat-e","7":"pa_packungsgroesse-50ml","9":"first","10":"instock","11":"shipping-taxable","12":"purchasable","13":"product-type-simple"},"acf":[],"_links":{"self":[{"href":"https:\/\/www.hirtenberg-apotheke.at\/katalog\/wp-json\/wp\/v2\/product\/17537","targetHints":{"allow":["GET"]}}],"collection":[{"href":"https:\/\/www.hirtenberg-apotheke.at\/katalog\/wp-json\/wp\/v2\/product"}],"about":[{"href":"https:\/\/www.hirtenberg-apotheke.at\/katalog\/wp-json\/wp\/v2\/types\/product"}],"wp:attachment":[{"href":"https:\/\/www.hirtenberg-apotheke.at\/katalog\/wp-json\/wp\/v2\/media?parent=17537"}],"wp:term":[{"taxonomy":"product_brand","embeddable":true,"href":"https:\/\/www.hirtenberg-apotheke.at\/katalog\/wp-json\/wp\/v2\/product_brand?post=17537"},{"taxonomy":"product_cat","embeddable":true,"href":"https:\/\/www.hirtenberg-apotheke.at\/katalog\/wp-json\/wp\/v2\/product_cat?post=17537"},{"taxonomy":"product_tag","embeddable":true,"href":"https:\/\/www.hirtenberg-apotheke.at\/katalog\/wp-json\/wp\/v2\/product_tag?post=17537"}],"curies":[{"name":"wp","href":"https:\/\/api.w.org\/{rel}","templated":true}]}}