{"id":17548,"date":"2025-11-25T17:26:06","date_gmt":"2025-11-25T16:26:06","guid":{"rendered":"https:\/\/www.hirtenberg-apotheke.at\/katalog\/produkt\/la-roche-posay-redermic-r-serum-intensiv-30-ml\/"},"modified":"2025-11-25T17:26:18","modified_gmt":"2025-11-25T16:26:18","slug":"la-roche-posay-redermic-r-serum-intensiv-30-ml","status":"publish","type":"product","link":"https:\/\/www.hirtenberg-apotheke.at\/katalog\/produkt\/la-roche-posay-redermic-r-serum-intensiv-30-ml\/","title":{"rendered":"La Roche-Posay Redermic R Serum Intensiv 30 ml"},"content":{"rendered":"<p>La Roche-Posay Redermic R Serum Intensiv ist ein intensiv korrigierendes Anti-Aging Serum, das ausgepr\u00e4gte Falten an Stirn, Augen und Oberlippe reduziert, Pigmentflecken mildert und einen gleichm\u00e4\u00dfigeren Hautton verleiht. Der Wirkstoff Retinol regt nachweislich die Bildung neuer Hautzellen an. Das Serum Redermic La Roche Posay stimuliert die Produktion der gewebest\u00fczenden Elastin- und Kollagenfasern.\u00a0.<\/p>\n","protected":false},"excerpt":{"rendered":"<p>La Roche-Posay Redermic R Serum Intensiv ist ein intensiv korrigierendes Anti-Aging Serum, das ausgepr\u00e4gte Falten an Stirn, Augen und Oberlippe reduziert, Pigmentflecken mildert und einen gleichm\u00e4\u00dfigeren Hautton verleiht. Der Wirkstoff Retinol regt nachweislich die Bildung neuer Hautzellen an. Das Serum Redermic La Roche Posay stimuliert die Produktion der gewebest\u00fczenden Elastin- und Kollagenfasern.\u00a0.<\/p>\n","protected":false},"featured_media":17550,"template":"","meta":{"_acf_changed":false},"product_brand":[692],"product_cat":[317],"product_tag":[],"class_list":{"0":"post-17548","1":"product","2":"type-product","3":"status-publish","4":"has-post-thumbnail","6":"product_brand-la-roche-posay","7":"product_cat-l","8":"pa_packungsgroesse-30ml","10":"first","11":"instock","12":"shipping-taxable","13":"purchasable","14":"product-type-simple"},"acf":[],"_links":{"self":[{"href":"https:\/\/www.hirtenberg-apotheke.at\/katalog\/wp-json\/wp\/v2\/product\/17548","targetHints":{"allow":["GET"]}}],"collection":[{"href":"https:\/\/www.hirtenberg-apotheke.at\/katalog\/wp-json\/wp\/v2\/product"}],"about":[{"href":"https:\/\/www.hirtenberg-apotheke.at\/katalog\/wp-json\/wp\/v2\/types\/product"}],"wp:featuredmedia":[{"embeddable":true,"href":"https:\/\/www.hirtenberg-apotheke.at\/katalog\/wp-json\/wp\/v2\/media\/17550"}],"wp:attachment":[{"href":"https:\/\/www.hirtenberg-apotheke.at\/katalog\/wp-json\/wp\/v2\/media?parent=17548"}],"wp:term":[{"taxonomy":"product_brand","embeddable":true,"href":"https:\/\/www.hirtenberg-apotheke.at\/katalog\/wp-json\/wp\/v2\/product_brand?post=17548"},{"taxonomy":"product_cat","embeddable":true,"href":"https:\/\/www.hirtenberg-apotheke.at\/katalog\/wp-json\/wp\/v2\/product_cat?post=17548"},{"taxonomy":"product_tag","embeddable":true,"href":"https:\/\/www.hirtenberg-apotheke.at\/katalog\/wp-json\/wp\/v2\/product_tag?post=17548"}],"curies":[{"name":"wp","href":"https:\/\/api.w.org\/{rel}","templated":true}]}}