{"id":17570,"date":"2025-11-25T17:26:20","date_gmt":"2025-11-25T16:26:20","guid":{"rendered":"https:\/\/www.hirtenberg-apotheke.at\/katalog\/produkt\/medobalm-augenbalsam-15-ml\/"},"modified":"2025-11-25T17:26:29","modified_gmt":"2025-11-25T16:26:29","slug":"medobalm-augenbalsam-15-ml","status":"publish","type":"product","link":"https:\/\/www.hirtenberg-apotheke.at\/katalog\/produkt\/medobalm-augenbalsam-15-ml\/","title":{"rendered":"Medobalm Augenbalsam 15 ml"},"content":{"rendered":"<p>Medobalm Augenbalsam ist eine dreifach wirksame Intensiv-Pflege, welche zur Straffung der Augenpartie beitr\u00e4gt. Au\u00dferdem bewirkt sie die Verminderung von Schwellungen und sorgt au\u00dferdem f\u00fcr die Gl\u00e4ttung der Augenf\u00e4ltchen.<\/p>\n","protected":false},"excerpt":{"rendered":"<p>Medobalm Augenbalsam ist eine dreifach wirksame Intensiv-Pflege, welche zur Straffung der Augenpartie beitr\u00e4gt. Au\u00dferdem bewirkt sie die Verminderung von Schwellungen und sorgt au\u00dferdem f\u00fcr die Gl\u00e4ttung der Augenf\u00e4ltchen.<\/p>\n","protected":false},"featured_media":0,"template":"","meta":{"_acf_changed":false},"product_brand":[],"product_cat":[308],"product_tag":[],"class_list":{"0":"post-17570","1":"product","2":"type-product","3":"status-publish","5":"product_cat-m","6":"pa_packungsgroesse-15ml","8":"first","9":"instock","10":"shipping-taxable","11":"purchasable","12":"product-type-simple"},"acf":[],"_links":{"self":[{"href":"https:\/\/www.hirtenberg-apotheke.at\/katalog\/wp-json\/wp\/v2\/product\/17570","targetHints":{"allow":["GET"]}}],"collection":[{"href":"https:\/\/www.hirtenberg-apotheke.at\/katalog\/wp-json\/wp\/v2\/product"}],"about":[{"href":"https:\/\/www.hirtenberg-apotheke.at\/katalog\/wp-json\/wp\/v2\/types\/product"}],"wp:attachment":[{"href":"https:\/\/www.hirtenberg-apotheke.at\/katalog\/wp-json\/wp\/v2\/media?parent=17570"}],"wp:term":[{"taxonomy":"product_brand","embeddable":true,"href":"https:\/\/www.hirtenberg-apotheke.at\/katalog\/wp-json\/wp\/v2\/product_brand?post=17570"},{"taxonomy":"product_cat","embeddable":true,"href":"https:\/\/www.hirtenberg-apotheke.at\/katalog\/wp-json\/wp\/v2\/product_cat?post=17570"},{"taxonomy":"product_tag","embeddable":true,"href":"https:\/\/www.hirtenberg-apotheke.at\/katalog\/wp-json\/wp\/v2\/product_tag?post=17570"}],"curies":[{"name":"wp","href":"https:\/\/api.w.org\/{rel}","templated":true}]}}