{"id":17576,"date":"2025-11-25T17:26:28","date_gmt":"2025-11-25T16:26:28","guid":{"rendered":"https:\/\/www.hirtenberg-apotheke.at\/katalog\/produkt\/dr-hauschka-gesichtstonikum-spezial-klaerend-100-ml\/"},"modified":"2025-11-25T17:26:32","modified_gmt":"2025-11-25T16:26:32","slug":"dr-hauschka-gesichtstonikum-spezial-klaerend-100-ml","status":"publish","type":"product","link":"https:\/\/www.hirtenberg-apotheke.at\/katalog\/produkt\/dr-hauschka-gesichtstonikum-spezial-klaerend-100-ml\/","title":{"rendered":"Dr. Hauschka Gesichtstonikum Spezial kl\u00e4rend 100 ml"},"content":{"rendered":"<p>Dr. Hauschka Gesichtstonikum Spezial ist eine wirksame Pflege bei fettiger, zu Mitessern und Entz\u00fcndungen neigender Haut. Auch gro\u00dfporige Hautbilder verfeinern sich durch die t\u00e4gliche Anwendung.<\/p>\n","protected":false},"excerpt":{"rendered":"<p>Dr. Hauschka Gesichtstonikum Spezial ist eine wirksame Pflege bei fettiger, zu Mitessern und Entz\u00fcndungen neigender Haut. Auch gro\u00dfporige Hautbilder verfeinern sich durch die t\u00e4gliche Anwendung.<\/p>\n","protected":false},"featured_media":0,"template":"","meta":{"_acf_changed":false},"product_brand":[695],"product_cat":[295],"product_tag":[],"class_list":{"0":"post-17576","1":"product","2":"type-product","3":"status-publish","5":"product_brand-dr-hauschka","6":"product_cat-d","7":"pa_packungsgroesse-100ml","9":"first","10":"instock","11":"shipping-taxable","12":"purchasable","13":"product-type-simple"},"acf":[],"_links":{"self":[{"href":"https:\/\/www.hirtenberg-apotheke.at\/katalog\/wp-json\/wp\/v2\/product\/17576","targetHints":{"allow":["GET"]}}],"collection":[{"href":"https:\/\/www.hirtenberg-apotheke.at\/katalog\/wp-json\/wp\/v2\/product"}],"about":[{"href":"https:\/\/www.hirtenberg-apotheke.at\/katalog\/wp-json\/wp\/v2\/types\/product"}],"wp:attachment":[{"href":"https:\/\/www.hirtenberg-apotheke.at\/katalog\/wp-json\/wp\/v2\/media?parent=17576"}],"wp:term":[{"taxonomy":"product_brand","embeddable":true,"href":"https:\/\/www.hirtenberg-apotheke.at\/katalog\/wp-json\/wp\/v2\/product_brand?post=17576"},{"taxonomy":"product_cat","embeddable":true,"href":"https:\/\/www.hirtenberg-apotheke.at\/katalog\/wp-json\/wp\/v2\/product_cat?post=17576"},{"taxonomy":"product_tag","embeddable":true,"href":"https:\/\/www.hirtenberg-apotheke.at\/katalog\/wp-json\/wp\/v2\/product_tag?post=17576"}],"curies":[{"name":"wp","href":"https:\/\/api.w.org\/{rel}","templated":true}]}}