{"id":17583,"date":"2025-11-25T17:26:36","date_gmt":"2025-11-25T16:26:36","guid":{"rendered":"https:\/\/www.hirtenberg-apotheke.at\/katalog\/produkt\/eucerin-hyaluron-urea-anti-falten-nachtpflegecreme-mit-5-urea\/"},"modified":"2025-11-25T17:26:39","modified_gmt":"2025-11-25T16:26:39","slug":"eucerin-hyaluron-urea-anti-falten-nachtpflegecreme-mit-5-urea","status":"publish","type":"product","link":"https:\/\/www.hirtenberg-apotheke.at\/katalog\/produkt\/eucerin-hyaluron-urea-anti-falten-nachtpflegecreme-mit-5-urea\/","title":{"rendered":"Eucerin HYALURON UREA Anti-Falten Nachtpflegecreme mit 5% Urea"},"content":{"rendered":"<p>Eucerin Hyaluron-Filler 5% Urea Nachtcreme wurde speziell f\u00fcr trockene bis sehr trockene Haut entwickelt, die zu Trockenheitsf\u00e4ltchen und ausgepr\u00e4gten Falten neigt. Urea speichert die Feuchtigkeit, Hyalurons\u00e4ure mindert sichtbar Falten und Ceramid-3 regeneriert die Haut in der Nacht. Hyal-Urea Anti-Falten Tagescreme ist sehr gut vertr\u00e4glich und sogar bei Psoriasis geeignet. Die leichte Textur der Creme schenkt ein angenehmes Hautgef\u00fchl. &#8211; jetzt online bestellen und bares Geld sparen!<\/p>\n","protected":false},"excerpt":{"rendered":"<p>Eucerin Hyaluron-Filler 5% Urea Nachtcreme wurde speziell f\u00fcr trockene bis sehr trockene Haut entwickelt, die zu Trockenheitsf\u00e4ltchen und ausgepr\u00e4gten Falten neigt. Urea speichert die Feuchtigkeit, Hyalurons\u00e4ure mindert sichtbar Falten und Ceramid-3 regeneriert die Haut in der Nacht. Hyal-Urea Anti-Falten Tagescreme ist sehr gut vertr\u00e4glich und sogar bei Psoriasis geeignet. Die leichte Textur der Creme schenkt [&hellip;]<\/p>\n","protected":false},"featured_media":17585,"template":"","meta":{"_acf_changed":false},"product_brand":[694],"product_cat":[307],"product_tag":[],"class_list":{"0":"post-17583","1":"product","2":"type-product","3":"status-publish","4":"has-post-thumbnail","6":"product_brand-eucerin","7":"product_cat-e","8":"pa_packungsgroesse-50ml","10":"first","11":"instock","12":"shipping-taxable","13":"purchasable","14":"product-type-simple"},"acf":[],"_links":{"self":[{"href":"https:\/\/www.hirtenberg-apotheke.at\/katalog\/wp-json\/wp\/v2\/product\/17583","targetHints":{"allow":["GET"]}}],"collection":[{"href":"https:\/\/www.hirtenberg-apotheke.at\/katalog\/wp-json\/wp\/v2\/product"}],"about":[{"href":"https:\/\/www.hirtenberg-apotheke.at\/katalog\/wp-json\/wp\/v2\/types\/product"}],"wp:featuredmedia":[{"embeddable":true,"href":"https:\/\/www.hirtenberg-apotheke.at\/katalog\/wp-json\/wp\/v2\/media\/17585"}],"wp:attachment":[{"href":"https:\/\/www.hirtenberg-apotheke.at\/katalog\/wp-json\/wp\/v2\/media?parent=17583"}],"wp:term":[{"taxonomy":"product_brand","embeddable":true,"href":"https:\/\/www.hirtenberg-apotheke.at\/katalog\/wp-json\/wp\/v2\/product_brand?post=17583"},{"taxonomy":"product_cat","embeddable":true,"href":"https:\/\/www.hirtenberg-apotheke.at\/katalog\/wp-json\/wp\/v2\/product_cat?post=17583"},{"taxonomy":"product_tag","embeddable":true,"href":"https:\/\/www.hirtenberg-apotheke.at\/katalog\/wp-json\/wp\/v2\/product_tag?post=17583"}],"curies":[{"name":"wp","href":"https:\/\/api.w.org\/{rel}","templated":true}]}}