{"id":17614,"date":"2025-11-25T17:26:53","date_gmt":"2025-11-25T16:26:53","guid":{"rendered":"https:\/\/www.hirtenberg-apotheke.at\/katalog\/produkt\/viva-skin-nachtcreme-anti-aging-50-ml-trockene-haut\/"},"modified":"2025-11-25T17:27:03","modified_gmt":"2025-11-25T16:27:03","slug":"viva-skin-nachtcreme-anti-aging-50-ml-trockene-haut","status":"publish","type":"product","link":"https:\/\/www.hirtenberg-apotheke.at\/katalog\/produkt\/viva-skin-nachtcreme-anti-aging-50-ml-trockene-haut\/","title":{"rendered":"Viva Skin Nachtcreme Anti-Aging 50 ml Trockene Haut"},"content":{"rendered":"<p>VIVA SKIN\u00ae Anti-Aging Nachtcreme f\u00fcr trockene Haut hilft mit einer Kombination aus Vitamin C > E Hautalterungserscheinungen entgegenzuwirken. Diese Creme k\u00f6nnen Sie f\u00fcr normale\/fettende Haut und trockene Haut zu je 50 ml bestellen.<\/p>\n","protected":false},"excerpt":{"rendered":"<p>VIVA SKIN\u00ae Anti-Aging Nachtcreme f\u00fcr trockene Haut hilft mit einer Kombination aus Vitamin C > E Hautalterungserscheinungen entgegenzuwirken. Diese Creme k\u00f6nnen Sie f\u00fcr normale\/fettende Haut und trockene Haut zu je 50 ml bestellen.<\/p>\n","protected":false},"featured_media":0,"template":"","meta":{"_acf_changed":false},"product_brand":[],"product_cat":[300],"product_tag":[],"class_list":{"0":"post-17614","1":"product","2":"type-product","3":"status-publish","5":"product_cat-v","6":"pa_packungsgroesse-50ml","8":"first","9":"instock","10":"shipping-taxable","11":"purchasable","12":"product-type-simple"},"acf":[],"_links":{"self":[{"href":"https:\/\/www.hirtenberg-apotheke.at\/katalog\/wp-json\/wp\/v2\/product\/17614","targetHints":{"allow":["GET"]}}],"collection":[{"href":"https:\/\/www.hirtenberg-apotheke.at\/katalog\/wp-json\/wp\/v2\/product"}],"about":[{"href":"https:\/\/www.hirtenberg-apotheke.at\/katalog\/wp-json\/wp\/v2\/types\/product"}],"wp:attachment":[{"href":"https:\/\/www.hirtenberg-apotheke.at\/katalog\/wp-json\/wp\/v2\/media?parent=17614"}],"wp:term":[{"taxonomy":"product_brand","embeddable":true,"href":"https:\/\/www.hirtenberg-apotheke.at\/katalog\/wp-json\/wp\/v2\/product_brand?post=17614"},{"taxonomy":"product_cat","embeddable":true,"href":"https:\/\/www.hirtenberg-apotheke.at\/katalog\/wp-json\/wp\/v2\/product_cat?post=17614"},{"taxonomy":"product_tag","embeddable":true,"href":"https:\/\/www.hirtenberg-apotheke.at\/katalog\/wp-json\/wp\/v2\/product_tag?post=17614"}],"curies":[{"name":"wp","href":"https:\/\/api.w.org\/{rel}","templated":true}]}}